{"id":13344,"date":"2018-02-23T17:40:07","date_gmt":"2018-02-23T17:40:07","guid":{"rendered":"http:\/\/www.cluberecreioinstrucao.com\/cri\/?page_id=13344"},"modified":"2022-01-05T19:59:56","modified_gmt":"2022-01-05T19:59:56","slug":"calendar","status":"publish","type":"page","link":"http:\/\/www.cluberecreioinstrucao.com\/cri\/?page_id=13344","title":{"rendered":"ALUGUERES DO CAMPO SINT\u00c9TICO"},"content":{"rendered":"<h3><strong>CAMPO DE FUTEBOL SINT\u00c9TICO (5 ou 7)<\/strong><\/h3>\n<p><strong>Parque Desportivo Artur Ferreira Gouveia<br \/>\n<\/strong>Rua Jo\u00e3o Gaspar da Chica<br \/>\nUrbaniza\u00e7\u00e3o Vila Rosa \/ Bairro Gouveia<br \/>\n<strong>Alhos Vedros<br \/>\n<\/strong><a href=\"https:\/\/www.google.com\/maps\/place\/Parque+Desportivo+Artur+Ferreira+Gouveia\/@38.6480497,-9.0237594,478m\/data=!3m1!1e3!4m5!3m4!1s0x0:0xf085b1d51a827e1e!8m2!3d38.6481338!4d-9.0242958?hl=pt-BR\" target=\"_blank\" rel=\"noopener noreferrer\">Localiza\u00e7\u00e3o (Google Maps)<\/a><\/p>\n<p>Contactos:<em><strong><br \/>\n<\/strong><\/em><strong>&#8211; <\/strong>Telem\u00f3vel<strong>:\u00a0 <span dir=\"ltr\" data-tooltip=\"Ligar para telefone (+351934382859)\" aria-label=\"Ligar para telefone (+351934382859)\">934 382 859 <\/span><\/strong><span dir=\"ltr\" data-tooltip=\"Ligar para telefone (+351934382859)\" aria-label=\"Ligar para telefone (+351934382859)\">(N\u00e9lson Teixeira)<\/span><br \/>\n<strong>&#8211; <\/strong>Telefone fixo<strong>: 21 204 0283 <\/strong>(Secretariado no Campo entre as 18:00h e as 20:30h de 2\u00aa a 6\u00aafeira)<br \/>\n<strong>&#8211; <\/strong>E-mail<strong>: <a href=\"mailto:direcao@cri.pt\">direcao@cri.pt<\/a><\/strong><\/p>\n<div class=\"mks_separator\" style=\"border-bottom: 3px solid;\"><\/div>\n<p><strong>CONDI\u00c7\u00d5ES\/VALORES:<\/strong><\/p>\n<ul>\n<li>Per\u00edodo m\u00ednimo de aluguer &#8211; <strong>1h<\/strong><\/li>\n<li>Pre\u00e7o <strong>35\u20ac<\/strong>\/hora (o\u00a0pagamento \u00e9 efetuado \u00e0 entrada)<\/li>\n<li>O Clube disponibiliza:\n<ul>\n<li style=\"list-style-type: none;\">\n<ul>\n<li>Um campo de futebol de 7 e dois campos de futebol de 5<\/li>\n<li>Balne\u00e1rios com \u00e1gua quente<\/li>\n<li>Ilumina\u00e7\u00e3o artificial<\/li>\n<li>Coletes<\/li>\n<li>Duas bolas n\u00ba5<\/li>\n<\/ul>\n<\/li>\n<\/ul>\n<\/li>\n<\/ul>\n<div class=\"mks_separator\" style=\"border-bottom: 3px solid;\"><\/div>\n<h2 style=\"text-align: center;\"><strong>NORMAS DE UTILIZA\u00c7\u00c3O<\/strong><\/h2>\n<ol>\n<li>Os campos de futebol (5 ou 7) devem ser utilizados exclusivamente para fins desportivos.<\/li>\n<li>As reservas devem ser solicitadas e confirmadas 48h antes.<\/li>\n<li>Antes do aluguer o respons\u00e1vel pela marca\u00e7\u00e3o deve apresentar um documento que o identifique, que ser\u00e1 levantado no final do aluguer com a entrega do material disponibilizado pelo Clube.<\/li>\n<li>O hor\u00e1rio da reserva\u00a0 deve ser cumprido para que as marca\u00e7\u00f5es dos jogos sejam respeitadas <strong>(devem estar presentes 15 minutos antes),<\/strong> n\u00e3o se responsabilizando o Clube pelos atrasos do in\u00edcio do aluguer sob pena da do tempo n\u00e3o ser cumprido na totalidade.<\/li>\n<li>Se pretendido, os utilizadores dever\u00e3o manifestar previamente a extens\u00e3o do hor\u00e1rio caso seja poss\u00edvel e pagar o respectivo extra.<\/li>\n<li>O Clube Recreio e Instru\u00e7\u00e3o n\u00e3o se responsabiliza por quaisquer valores deixados nos balne\u00e1rios.<\/li>\n<li>Todos os danos materiais causados pela incorrecta utiliza\u00e7\u00e3o no espa\u00e7o utilizado ser\u00e3o registados para responsabiliza\u00e7\u00e3o dos utilizadores.<\/li>\n<li>Todos os utilizadores assumem o compromisso pelo cumprimento das medidas de preven\u00e7\u00e3o e controlo da infe\u00e7\u00e3o por SARS-CoV-2<\/li>\n<\/ol>\n<ul>\n<li><strong>O n\u00e3o cumprimento destas normas implica a suspens\u00e3o da utiliza\u00e7\u00e3o do campo pela entidade ou grupo infrator.<\/strong><\/li>\n<li><strong>O Clube pode impedir o acesso ou perman\u00eancia nas instala\u00e7\u00f5es a que se recuse pagar as taxas definidas, quem manifeste um comportamento desadequado, provoque dist\u00farbios ou pratique atos de viol\u00eancia.<\/strong><\/li>\n<\/ul>\n<div class=\"mks_separator\" style=\"border-bottom: 1px solid;\"><\/div>\n<p>Notas:<\/p>\n<ol>\n<li>O campo <strong>n\u00e3o<\/strong> est\u00e1 dispon\u00edvel, durante a \u00e9poca de competi\u00e7\u00f5es oficiais (setembro a junho) para a realiza\u00e7\u00e3o dos treinos do clube, de <strong>2\u00aa a 6\u00aa feira <\/strong>entre as<strong> 19:00h <\/strong>e as<strong> 21:30h.<\/strong><\/li>\n<li>A maioria dos jogos oficiais do Clube realizam-se aos s\u00e1bados de manh\u00e3.<\/li>\n<li>No caso de altera\u00e7\u00e3o do calend\u00e1rio de jogos oficiais da Associa\u00e7\u00e3o de Futebol de Set\u00fabal, que coincida com o agendamento, o Clube dar\u00e1 conhecimento pr\u00e9vio da altera\u00e7\u00e3o do hor\u00e1rio ao respons\u00e1vel do aluguer.<\/li>\n<\/ol>\n<p>&nbsp;<\/p>\n<p><img decoding=\"async\" loading=\"lazy\" class=\"aligncenter wp-image-11856 size-wp_review_small\" src=\"http:\/\/www.cluberecreioinstrucao.com\/cri\/wp-content\/uploads\/2015\/04\/cri_logo_oficial_600x600-65x65.png\" alt=\"\" width=\"65\" height=\"65\" srcset=\"http:\/\/www.cluberecreioinstrucao.com\/cri\/wp-content\/uploads\/2015\/04\/cri_logo_oficial_600x600-65x65.png 65w, http:\/\/www.cluberecreioinstrucao.com\/cri\/wp-content\/uploads\/2015\/04\/cri_logo_oficial_600x600-150x150.png 150w, http:\/\/www.cluberecreioinstrucao.com\/cri\/wp-content\/uploads\/2015\/04\/cri_logo_oficial_600x600-300x300.png 300w, http:\/\/www.cluberecreioinstrucao.com\/cri\/wp-content\/uploads\/2015\/04\/cri_logo_oficial_600x600-90x90.png 90w, http:\/\/www.cluberecreioinstrucao.com\/cri\/wp-content\/uploads\/2015\/04\/cri_logo_oficial_600x600.png 600w\" sizes=\"(max-width: 65px) 100vw, 65px\" \/><\/p>\n","protected":false},"excerpt":{"rendered":"<p>CAMPO DE FUTEBOL SINT\u00c9TICO (5 ou 7) Parque Desportivo Artur Ferreira Gouveia Rua Jo\u00e3o Gaspar da Chica Urbaniza\u00e7\u00e3o Vila Rosa \/ Bairro Gouveia Alhos Vedros Localiza\u00e7\u00e3o (Google Maps) Contactos: &#8211; Telem\u00f3vel:\u00a0 934 382 859 (N\u00e9lson Teixeira) &#8211; Telefone fixo: 21 204 0283 (Secretariado no Campo entre as 18:00h e as 20:30h de 2\u00aa a 6\u00aafeira) [&hellip;]<\/p>\n","protected":false},"author":1,"featured_media":11263,"parent":0,"menu_order":0,"comment_status":"closed","ping_status":"closed","template":"","meta":[],"_links":{"self":[{"href":"http:\/\/www.cluberecreioinstrucao.com\/cri\/index.php?rest_route=\/wp\/v2\/pages\/13344"}],"collection":[{"href":"http:\/\/www.cluberecreioinstrucao.com\/cri\/index.php?rest_route=\/wp\/v2\/pages"}],"about":[{"href":"http:\/\/www.cluberecreioinstrucao.com\/cri\/index.php?rest_route=\/wp\/v2\/types\/page"}],"author":[{"embeddable":true,"href":"http:\/\/www.cluberecreioinstrucao.com\/cri\/index.php?rest_route=\/wp\/v2\/users\/1"}],"replies":[{"embeddable":true,"href":"http:\/\/www.cluberecreioinstrucao.com\/cri\/index.php?rest_route=%2Fwp%2Fv2%2Fcomments&post=13344"}],"version-history":[{"count":47,"href":"http:\/\/www.cluberecreioinstrucao.com\/cri\/index.php?rest_route=\/wp\/v2\/pages\/13344\/revisions"}],"predecessor-version":[{"id":19458,"href":"http:\/\/www.cluberecreioinstrucao.com\/cri\/index.php?rest_route=\/wp\/v2\/pages\/13344\/revisions\/19458"}],"wp:featuredmedia":[{"embeddable":true,"href":"http:\/\/www.cluberecreioinstrucao.com\/cri\/index.php?rest_route=\/wp\/v2\/media\/11263"}],"wp:attachment":[{"href":"http:\/\/www.cluberecreioinstrucao.com\/cri\/index.php?rest_route=%2Fwp%2Fv2%2Fmedia&parent=13344"}],"curies":[{"name":"wp","href":"https:\/\/api.w.org\/{rel}","templated":true}]}}