{"id":20653,"date":"2022-07-15T09:21:36","date_gmt":"2022-07-15T09:21:36","guid":{"rendered":"http:\/\/www.cluberecreioinstrucao.com\/cri\/?page_id=20653"},"modified":"2022-07-15T09:21:36","modified_gmt":"2022-07-15T09:21:36","slug":"2010-11-benjamins-a","status":"publish","type":"page","link":"http:\/\/www.cluberecreioinstrucao.com\/cri\/?page_id=20653","title":{"rendered":"2010-11 Benjamins-A"},"content":{"rendered":"<p>&nbsp;<\/p>\n<p>Em atualiza\u00e7\u00e3o&#8230;<\/p>\n<div class=\"mks_separator\" style=\"border-bottom: 3px solid;\"><\/div>\n<p><strong>FOTOS\/NOT\u00cdCIAS<\/strong><\/p>\n<div class=\"mks_separator\" style=\"border-bottom: 1px solid;\"><\/div>\n<p><strong>JOGADORES<\/strong><\/p>\n<p>&nbsp;<\/p>\n<div class=\"mks_separator\" style=\"border-bottom: 1px solid;\"><\/div>\n<p><strong>STAFF<\/strong><\/p>\n<p>Treinador:<br \/>\nTreinador adjunto:<br \/>\nDiretor Auxiliar\/Delegado:<br \/>\nMassagista: <strong>Jos\u00e9 Santos<\/strong><\/p>\n<div class=\"mks_separator\" style=\"border-bottom: 2px solid;\"><\/div>\n<p><strong>CLASSIFICA\u00c7\u00d5ES<\/strong><\/p>\n<p>&nbsp;<\/p>\n<p>&nbsp;<\/p>\n","protected":false},"excerpt":{"rendered":"<p>&nbsp; Em atualiza\u00e7\u00e3o&#8230; FOTOS\/NOT\u00cdCIAS JOGADORES &nbsp; STAFF Treinador: Treinador adjunto: Diretor Auxiliar\/Delegado: Massagista: Jos\u00e9 Santos CLASSIFICA\u00c7\u00d5ES &nbsp; &nbsp;<\/p>\n","protected":false},"author":1,"featured_media":0,"parent":0,"menu_order":0,"comment_status":"closed","ping_status":"closed","template":"","meta":[],"_links":{"self":[{"href":"http:\/\/www.cluberecreioinstrucao.com\/cri\/index.php?rest_route=\/wp\/v2\/pages\/20653"}],"collection":[{"href":"http:\/\/www.cluberecreioinstrucao.com\/cri\/index.php?rest_route=\/wp\/v2\/pages"}],"about":[{"href":"http:\/\/www.cluberecreioinstrucao.com\/cri\/index.php?rest_route=\/wp\/v2\/types\/page"}],"author":[{"embeddable":true,"href":"http:\/\/www.cluberecreioinstrucao.com\/cri\/index.php?rest_route=\/wp\/v2\/users\/1"}],"replies":[{"embeddable":true,"href":"http:\/\/www.cluberecreioinstrucao.com\/cri\/index.php?rest_route=%2Fwp%2Fv2%2Fcomments&post=20653"}],"version-history":[{"count":1,"href":"http:\/\/www.cluberecreioinstrucao.com\/cri\/index.php?rest_route=\/wp\/v2\/pages\/20653\/revisions"}],"predecessor-version":[{"id":20654,"href":"http:\/\/www.cluberecreioinstrucao.com\/cri\/index.php?rest_route=\/wp\/v2\/pages\/20653\/revisions\/20654"}],"wp:attachment":[{"href":"http:\/\/www.cluberecreioinstrucao.com\/cri\/index.php?rest_route=%2Fwp%2Fv2%2Fmedia&parent=20653"}],"curies":[{"name":"wp","href":"https:\/\/api.w.org\/{rel}","templated":true}]}}