{"id":207,"date":"2022-07-05T12:19:43","date_gmt":"2022-07-05T12:19:43","guid":{"rendered":"http:\/\/www.alhosvedros.net\/criav\/?page_id=207"},"modified":"2022-07-06T09:27:39","modified_gmt":"2022-07-06T09:27:39","slug":"escaloes","status":"publish","type":"page","link":"http:\/\/www.cluberecreioinstrucao.com\/cri\/?page_id=207","title":{"rendered":"ESCAL\u00d5ES 2022\/23"},"content":{"rendered":"<h2 align=\"center\">FUTEBOL &#8211; ESCAL\u00d5ES OFICIAIS 2022-2023<\/h2>\n<table style=\"height: 861px;\" width=\"531\">\n<tbody>\n<tr>\n<td style=\"text-align: center;\" width=\"81\"><strong>Ano Nascimento<\/strong><\/td>\n<td style=\"text-align: center;\" width=\"66\"><strong>Categoria<\/strong><\/td>\n<td style=\"text-align: center;\" width=\"112\"><strong>ESCAL\u00c3O<\/strong><\/td>\n<td style=\"text-align: center;\" width=\"154\"><strong>Equipas CRI<\/strong><\/td>\n<\/tr>\n<tr>\n<td style=\"text-align: center;\" width=\"81\">2018<\/td>\n<td style=\"text-align: center;\" width=\"66\">Sub-5<\/td>\n<td style=\"text-align: center;\" width=\"112\">Pr\u00e9-Petizes<\/td>\n<td style=\"text-align: center;\">Recrea\u00e7\u00e3o (EF J.Gaspar)<\/td>\n<\/tr>\n<tr>\n<td style=\"text-align: center;\" width=\"81\">2017<\/td>\n<td style=\"text-align: center;\" width=\"66\">Sub-6<\/td>\n<td style=\"text-align: center;\" width=\"112\">Petizes 1\u00baano<\/td>\n<td style=\"text-align: center;\">Recrea\u00e7\u00e3o (EF J.Gaspar)<\/td>\n<\/tr>\n<tr>\n<td style=\"text-align: center;\" width=\"81\">2016<\/td>\n<td style=\"text-align: center;\" width=\"66\">Sub-7<\/td>\n<td style=\"text-align: center;\" width=\"112\">Petizes 2\u00baano<\/td>\n<td style=\"text-align: center;\">Recrea\u00e7\u00e3o (EF J.Gaspar)<\/td>\n<\/tr>\n<tr>\n<td style=\"text-align: center;\" width=\"81\">2015<\/td>\n<td style=\"text-align: center;\" width=\"66\">Sub-8<\/td>\n<td style=\"text-align: center;\" width=\"112\">Traquinas 1\u00baano<\/td>\n<td style=\"text-align: center;\">Recrea\u00e7\u00e3o (EF J.Gaspar)<\/td>\n<\/tr>\n<tr>\n<td style=\"text-align: center;\" width=\"81\">2014<\/td>\n<td style=\"text-align: center;\" width=\"66\">Sub-9<\/td>\n<td style=\"text-align: center;\" width=\"112\">Traquinas 2\u00baano<\/td>\n<td style=\"text-align: center;\" width=\"154\">Recrea\u00e7\u00e3o\/Competi\u00e7\u00e3o<\/td>\n<\/tr>\n<tr>\n<td style=\"text-align: center;\" width=\"81\">2013<\/td>\n<td style=\"text-align: center;\" width=\"66\">Sub-10<\/td>\n<td style=\"text-align: center;\" width=\"112\">Benjamins 1\u00baano<\/td>\n<td style=\"text-align: center;\">Benjamins-B<\/td>\n<\/tr>\n<tr>\n<td style=\"text-align: center;\" width=\"81\">2012<\/td>\n<td style=\"text-align: center;\" width=\"66\">Sub-11<\/td>\n<td style=\"text-align: center;\" width=\"112\">Benjamins 2\u00baano<\/td>\n<td style=\"text-align: center;\">Benjamins-A<\/td>\n<\/tr>\n<tr>\n<td style=\"text-align: center;\" width=\"81\">2011<\/td>\n<td style=\"text-align: center;\" width=\"66\">Sub-12<\/td>\n<td style=\"text-align: center;\" width=\"112\">Infantis 1\u00baano<\/td>\n<td style=\"text-align: center;\">Infantis-B<\/td>\n<\/tr>\n<tr>\n<td style=\"text-align: center;\" width=\"81\">2010<\/td>\n<td style=\"text-align: center;\" width=\"66\">Sub-13<\/td>\n<td style=\"text-align: center;\" width=\"112\">Infantis 2\u00baano<\/td>\n<td style=\"text-align: center;\">Infantis-A<\/td>\n<\/tr>\n<tr>\n<td style=\"text-align: center;\" width=\"81\">2009<\/td>\n<td style=\"text-align: center;\" width=\"66\">Sub-14<\/td>\n<td style=\"text-align: center;\" width=\"112\">Iniciados 1\u00baano<\/td>\n<td style=\"text-align: center;\" rowspan=\"2\">Iniciados<\/td>\n<\/tr>\n<tr>\n<td style=\"text-align: center;\" width=\"81\">2008<\/td>\n<td style=\"text-align: center;\" width=\"66\">Sub-15<\/td>\n<td style=\"text-align: center;\" width=\"112\">Iniciados 2\u00baano<\/td>\n<\/tr>\n<tr>\n<td style=\"text-align: center;\" width=\"81\">2007<\/td>\n<td style=\"text-align: center;\" width=\"66\">Sub-16<\/td>\n<td style=\"text-align: center;\" width=\"112\">Juvenis 1\u00baano<\/td>\n<td style=\"text-align: center;\" rowspan=\"2\">Juvenis<\/td>\n<\/tr>\n<tr>\n<td style=\"text-align: center;\" width=\"81\">2006<\/td>\n<td style=\"text-align: center;\" width=\"66\">Sub-17<\/td>\n<td style=\"text-align: center;\" width=\"112\">Juvenis 2\u00baano<\/td>\n<\/tr>\n<tr>\n<td style=\"text-align: center;\" width=\"81\">2005<\/td>\n<td style=\"text-align: center;\" width=\"66\">Sub-18<\/td>\n<td style=\"text-align: center;\" width=\"112\">Juniores 1\u00baano<\/td>\n<td style=\"text-align: center;\" rowspan=\"2\" width=\"154\">Juniores<\/td>\n<\/tr>\n<tr>\n<td style=\"text-align: center;\" width=\"81\">2004<\/td>\n<td style=\"text-align: center;\" width=\"66\">Sub-19<\/td>\n<td style=\"text-align: center;\" width=\"112\">Juniores 2\u00baano<\/td>\n<\/tr>\n<\/tbody>\n<\/table>\n<p>a) As equipas de Petizes e Traquinas n\u00e3o s\u00e3o de competi\u00e7\u00e3o, participam somente em eventos recreativos, torneios oficiais da A. F. Set\u00fabal ou encontros particulares.<\/p>\n","protected":false},"excerpt":{"rendered":"<p>FUTEBOL &#8211; ESCAL\u00d5ES OFICIAIS 2022-2023 Ano Nascimento Categoria ESCAL\u00c3O Equipas CRI 2018 Sub-5 Pr\u00e9-Petizes Recrea\u00e7\u00e3o (EF J.Gaspar) 2017 Sub-6 Petizes 1\u00baano Recrea\u00e7\u00e3o (EF J.Gaspar) 2016 Sub-7 Petizes 2\u00baano Recrea\u00e7\u00e3o (EF J.Gaspar) 2015 Sub-8 Traquinas 1\u00baano Recrea\u00e7\u00e3o (EF J.Gaspar) 2014 Sub-9 Traquinas 2\u00baano Recrea\u00e7\u00e3o\/Competi\u00e7\u00e3o 2013 Sub-10 Benjamins 1\u00baano Benjamins-B 2012 Sub-11 Benjamins 2\u00baano Benjamins-A 2011 Sub-12 [&hellip;]<\/p>\n","protected":false},"author":1,"featured_media":0,"parent":0,"menu_order":0,"comment_status":"closed","ping_status":"open","template":"","meta":[],"_links":{"self":[{"href":"http:\/\/www.cluberecreioinstrucao.com\/cri\/index.php?rest_route=\/wp\/v2\/pages\/207"}],"collection":[{"href":"http:\/\/www.cluberecreioinstrucao.com\/cri\/index.php?rest_route=\/wp\/v2\/pages"}],"about":[{"href":"http:\/\/www.cluberecreioinstrucao.com\/cri\/index.php?rest_route=\/wp\/v2\/types\/page"}],"author":[{"embeddable":true,"href":"http:\/\/www.cluberecreioinstrucao.com\/cri\/index.php?rest_route=\/wp\/v2\/users\/1"}],"replies":[{"embeddable":true,"href":"http:\/\/www.cluberecreioinstrucao.com\/cri\/index.php?rest_route=%2Fwp%2Fv2%2Fcomments&post=207"}],"version-history":[{"count":32,"href":"http:\/\/www.cluberecreioinstrucao.com\/cri\/index.php?rest_route=\/wp\/v2\/pages\/207\/revisions"}],"predecessor-version":[{"id":20523,"href":"http:\/\/www.cluberecreioinstrucao.com\/cri\/index.php?rest_route=\/wp\/v2\/pages\/207\/revisions\/20523"}],"wp:attachment":[{"href":"http:\/\/www.cluberecreioinstrucao.com\/cri\/index.php?rest_route=%2Fwp%2Fv2%2Fmedia&parent=207"}],"curies":[{"name":"wp","href":"https:\/\/api.w.org\/{rel}","templated":true}]}}