{"id":18706,"date":"2021-08-18T04:29:36","date_gmt":"2021-08-18T04:29:36","guid":{"rendered":"http:\/\/www.cluberecreioinstrucao.com\/?page_id=18706"},"modified":"2022-06-17T07:35:54","modified_gmt":"2022-06-17T07:35:54","slug":"2021-22-infantis-a-sub-13","status":"publish","type":"page","link":"http:\/\/www.cluberecreioinstrucao.com\/?page_id=18706","title":{"rendered":"2021\/22 INFANTIS A (SUB-13)"},"content":{"rendered":"<p><img decoding=\"async\" loading=\"lazy\" class=\"aligncenter size-full wp-image-19275\" src=\"http:\/\/www.cluberecreioinstrucao.com\/wp-content\/uploads\/2021\/12\/2021_12_04-cri_2_2_sarilhense_103.jpg\" alt=\"\" width=\"1620\" height=\"1080\" srcset=\"http:\/\/www.cluberecreioinstrucao.com\/wp-content\/uploads\/2021\/12\/2021_12_04-cri_2_2_sarilhense_103.jpg 1620w, http:\/\/www.cluberecreioinstrucao.com\/wp-content\/uploads\/2021\/12\/2021_12_04-cri_2_2_sarilhense_103-300x200.jpg 300w, http:\/\/www.cluberecreioinstrucao.com\/wp-content\/uploads\/2021\/12\/2021_12_04-cri_2_2_sarilhense_103-1024x683.jpg 1024w, http:\/\/www.cluberecreioinstrucao.com\/wp-content\/uploads\/2021\/12\/2021_12_04-cri_2_2_sarilhense_103-768x512.jpg 768w, http:\/\/www.cluberecreioinstrucao.com\/wp-content\/uploads\/2021\/12\/2021_12_04-cri_2_2_sarilhense_103-1536x1024.jpg 1536w, http:\/\/www.cluberecreioinstrucao.com\/wp-content\/uploads\/2021\/12\/2021_12_04-cri_2_2_sarilhense_103-128x85.jpg 128w, http:\/\/www.cluberecreioinstrucao.com\/wp-content\/uploads\/2021\/12\/2021_12_04-cri_2_2_sarilhense_103-32x21.jpg 32w, http:\/\/www.cluberecreioinstrucao.com\/wp-content\/uploads\/2021\/12\/2021_12_04-cri_2_2_sarilhense_103-100x67.jpg 100w, http:\/\/www.cluberecreioinstrucao.com\/wp-content\/uploads\/2021\/12\/2021_12_04-cri_2_2_sarilhense_103-50x33.jpg 50w, http:\/\/www.cluberecreioinstrucao.com\/wp-content\/uploads\/2021\/12\/2021_12_04-cri_2_2_sarilhense_103-25x17.jpg 25w, http:\/\/www.cluberecreioinstrucao.com\/wp-content\/uploads\/2021\/12\/2021_12_04-cri_2_2_sarilhense_103-414x276.jpg 414w, http:\/\/www.cluberecreioinstrucao.com\/wp-content\/uploads\/2021\/12\/2021_12_04-cri_2_2_sarilhense_103-470x313.jpg 470w, http:\/\/www.cluberecreioinstrucao.com\/wp-content\/uploads\/2021\/12\/2021_12_04-cri_2_2_sarilhense_103-640x426.jpg 640w, http:\/\/www.cluberecreioinstrucao.com\/wp-content\/uploads\/2021\/12\/2021_12_04-cri_2_2_sarilhense_103-130x86.jpg 130w, http:\/\/www.cluberecreioinstrucao.com\/wp-content\/uploads\/2021\/12\/2021_12_04-cri_2_2_sarilhense_103-187x124.jpg 187w, http:\/\/www.cluberecreioinstrucao.com\/wp-content\/uploads\/2021\/12\/2021_12_04-cri_2_2_sarilhense_103-990x660.jpg 990w, http:\/\/www.cluberecreioinstrucao.com\/wp-content\/uploads\/2021\/12\/2021_12_04-cri_2_2_sarilhense_103-1320x880.jpg 1320w, http:\/\/www.cluberecreioinstrucao.com\/wp-content\/uploads\/2021\/12\/2021_12_04-cri_2_2_sarilhense_103-450x300.jpg 450w\" sizes=\"(max-width: 1620px) 100vw, 1620px\" \/><\/p>\n<div class=\"mks_separator\" style=\"border-bottom: 2px solid;\"><\/div>\n<ul>\n<li><a href=\"http:\/\/www.cluberecreioinstrucao.com\/?page_id=6863\">ARQUIVO \u00c9POCAS ANTERIORES<\/a><\/li>\n<li><strong>\u00c9POCA 2021\/22<\/strong>\n<ul>\n<li><a href=\"#JOGADORES\"><strong>JOGADORES<\/strong><\/a><\/li>\n<li><a href=\"#TREINADORES. DIRIGENTES. COLABORADORES\"><strong>TREINADORES. DIRIGENTES. COLABORADORES<\/strong> <\/a><\/li>\n<li><a href=\"http:\/\/www.cluberecreioinstrucao.com\/?tag=Infantis-2021\/22\"><strong>FOTOS. V\u00cdDEOS. <\/strong><strong>NOT\u00cdCIAS<\/strong><\/a><\/li>\n<li><strong><a href=\"https:\/\/resultados.fpf.pt\/Competition\/Details?competitionId=20972&amp;seasonId=101\" target=\"_blank\" rel=\"noopener\">CAMPEONATO A.F. SET\u00daBAL &#8211; 1\u00aa FASE &#8211; S\u00c9RIE &#8220;C&#8221; <\/a><\/strong><\/li>\n<li><strong><a href=\"https:\/\/resultados.fpf.pt\/Competition\/Details?competitionId=21199&amp;seasonId=101\" target=\"_blank\" rel=\"noopener\">TORNEIO COMPLEMENTAR A. F. SET\u00daBAL &#8211; S\u00c9RIE &#8220;B&#8221;<\/a><\/strong><\/li>\n<\/ul>\n<\/li>\n<\/ul>\n<div class=\"mks_separator\" style=\"border-bottom: 3px solid;\"><\/div>\n<ul>\n<li><a href=\"https:\/\/resultados.fpf.pt\/Competition\/Details?competitionId=21199&amp;seasonId=101\" target=\"_blank\" rel=\"noopener\">TORNEIO COMPLEMENTAR A. F. SET\u00daBAL &#8211; S\u00c9RIE &#8220;B&#8221; &#8211; CLASSIFICA\u00c7\u00c3O<\/a><\/li>\n<\/ul>\n<p><strong>OS NOSSOS JOGOS OFICIAIS:<\/strong><\/p>\n<p>12 MAR 2022 Santoantoniense 0-7 <strong>CRI<\/strong> &#8211; <a href=\"https:\/\/resultados.fpf.pt\/Match\/GetMatchInformation?matchId=1733717\" target=\"_blank\" rel=\"noopener\">FICHA DE JOGO<\/a> &#8211; <a href=\"http:\/\/www.cluberecreioinstrucao.com\/?p=19787\">FOTOS<\/a><br \/>\n19 MAR 2022 <strong>CRI<\/strong> 1-2 B. Azeit\u00e3o &#8211; <a href=\"https:\/\/resultados.fpf.pt\/Match\/GetMatchInformation?matchId=1733721\" target=\"_blank\" rel=\"noopener\">FICHA DE JOGO<\/a> &#8211; <a href=\"http:\/\/www.cluberecreioinstrucao.com\/?p=19819\">FOTOS<\/a><br \/>\n26 MAR 2022 1\u00ba Maio Sarilhense 1-0 <strong>CRI &#8211;<\/strong> <a href=\"https:\/\/resultados.fpf.pt\/Match\/GetMatchInformation?matchId=1733724\" target=\"_blank\" rel=\"noopener\">FICHA<\/a><a href=\"https:\/\/resultados.fpf.pt\/Match\/GetMatchInformation?matchId=1733724\" target=\"_blank\" rel=\"noopener\"> DE<\/a><a href=\"https:\/\/resultados.fpf.pt\/Match\/GetMatchInformation?matchId=1733724\" target=\"_blank\" rel=\"noopener\"> JOGO<\/a><br \/>\n09 ABR 2022 <strong>CRI<\/strong> 1-5 Pinhalnovense &#8211; <a href=\"https:\/\/resultados.fpf.pt\/Match\/GetMatchInformation?matchId=1733729\" target=\"_blank\" rel=\"noopener\">FICHA DE JOGO<\/a> &#8211; <a href=\"http:\/\/www.cluberecreioinstrucao.com\/?p=20003\">FOTOS<\/a><br \/>\n23 ABR 2022 Samouquense 3-0 <strong>CRI <\/strong>&#8211; <a href=\"https:\/\/resultados.fpf.pt\/Match\/GetMatchInformation?matchId=1733725\" target=\"_blank\" rel=\"noopener\">FICHA DE JOGO<\/a><br \/>\n30 ABR 2022 <strong>CRI<\/strong> 6-1 Santoantoniense &#8211; <a href=\"https:\/\/resultados.fpf.pt\/Match\/GetMatchInformation?matchId=1733732\" target=\"_blank\" rel=\"noopener\">FICHA DE JOGO<\/a> &#8211; <a href=\"http:\/\/www.cluberecreioinstrucao.com\/?p=20135\">FOTOS<\/a><br \/>\n07 MAI 2022 B. Azeit\u00e3o 3-1 <strong>CRI<\/strong> &#8211; <a href=\"https:\/\/resultados.fpf.pt\/Match\/GetMatchInformation?matchId=1733736\" target=\"_blank\" rel=\"noopener\">FICHA DE JOGO<\/a><br \/>\n14 MAI 2022 <strong>CRI<\/strong> 1-1\u00a0 1\u00ba Maio Sarilhense &#8211; <a href=\"https:\/\/resultados.fpf.pt\/Match\/GetMatchInformation?matchId=1733739\" target=\"_blank\" rel=\"noopener\">FICHA DE JOGO<\/a> &#8211; <a href=\"http:\/\/www.cluberecreioinstrucao.com\/?p=20209\">FOTOS<\/a><br \/>\n28 MAI 2022 <strong>CRI<\/strong> 2-4 Samouquense &#8211; <a href=\"https:\/\/resultados.fpf.pt\/Match\/GetMatchInformation?matchId=1733740\" target=\"_blank\" rel=\"noopener\">FICHA DE JOGO<\/a><br \/>\n04 JUN 2022 Pinhalnovense 0-6 <strong>CRI<\/strong> &#8211; <a href=\"https:\/\/resultados.fpf.pt\/Match\/GetMatchInformation?matchId=1733744\" target=\"_blank\" rel=\"noopener\">FICHA DE JOGO<\/a><\/p>\n<p>CLASSIFICA\u00c7\u00c3O FINAL<\/p>\n<p><img decoding=\"async\" loading=\"lazy\" class=\"alignnone wp-image-20353\" src=\"http:\/\/www.cluberecreioinstrucao.com\/wp-content\/uploads\/2022\/06\/tcomplementarINFANTIS-A21_22.jpg\" alt=\"\" width=\"360\" height=\"587\" srcset=\"http:\/\/www.cluberecreioinstrucao.com\/wp-content\/uploads\/2022\/06\/tcomplementarINFANTIS-A21_22.jpg 640w, http:\/\/www.cluberecreioinstrucao.com\/wp-content\/uploads\/2022\/06\/tcomplementarINFANTIS-A21_22-184x300.jpg 184w, http:\/\/www.cluberecreioinstrucao.com\/wp-content\/uploads\/2022\/06\/tcomplementarINFANTIS-A21_22-628x1024.jpg 628w, http:\/\/www.cluberecreioinstrucao.com\/wp-content\/uploads\/2022\/06\/tcomplementarINFANTIS-A21_22-78x128.jpg 78w, http:\/\/www.cluberecreioinstrucao.com\/wp-content\/uploads\/2022\/06\/tcomplementarINFANTIS-A21_22-20x32.jpg 20w, http:\/\/www.cluberecreioinstrucao.com\/wp-content\/uploads\/2022\/06\/tcomplementarINFANTIS-A21_22-61x100.jpg 61w, http:\/\/www.cluberecreioinstrucao.com\/wp-content\/uploads\/2022\/06\/tcomplementarINFANTIS-A21_22-31x50.jpg 31w, http:\/\/www.cluberecreioinstrucao.com\/wp-content\/uploads\/2022\/06\/tcomplementarINFANTIS-A21_22-15x25.jpg 15w, http:\/\/www.cluberecreioinstrucao.com\/wp-content\/uploads\/2022\/06\/tcomplementarINFANTIS-A21_22-300x489.jpg 300w\" sizes=\"(max-width: 360px) 100vw, 360px\" \/><\/p>\n<div class=\"mks_separator\" style=\"border-bottom: 3px solid;\"><\/div>\n<p><strong><a href=\"https:\/\/resultados.fpf.pt\/Competition\/Details?competitionId=20972&amp;seasonId=101\" target=\"_blank\" rel=\"noopener\">CAMPEONATO A.F. SET\u00daBAL &#8211; 1\u00aa FASE &#8211; S\u00c9RIE &#8220;C&#8221; &#8211; CLASSIFICA\u00c7\u00c3O<\/a> (Terminado)<\/strong><\/p>\n<p><strong>OS NOSSOS JOGOS OFICIAIS:<\/strong><br \/>\n13.11.2021 Ol\u00edmpico Montijo 2-1 <strong>CRI<\/strong> &#8211; <a href=\"https:\/\/resultados.fpf.pt\/Match\/GetMatchInformation?matchId=1698067\" target=\"_blank\" rel=\"noopener\">FICHA DE JOGO<\/a><br \/>\n20.11.2021 <strong>CRI<\/strong> 1-6 Samouquense &#8211; <a href=\"https:\/\/resultados.fpf.pt\/Match\/GetMatchInformation?matchId=1698068\" target=\"_blank\" rel=\"noopener\">FICHA DE JOGO<\/a><br \/>\n27.11.2021 B. Azeit\u00e3o 5-1 <strong>CRI<\/strong> &#8211; <a href=\"https:\/\/resultados.fpf.pt\/Match\/GetMatchInformation?matchId=1698071\" target=\"_blank\" rel=\"noopener\">FICHA DE JOGO<\/a> &#8211; <strong><a href=\"http:\/\/www.cluberecreioinstrucao.com\/?p=19203\">FOTOS<\/a><\/strong><br \/>\n04.12.2021 <strong>CRI<\/strong> 2-2 1\u00ba Maio Sarilhense &#8211; <a href=\"https:\/\/resultados.fpf.pt\/Match\/GetMatchInformation?matchId=1698073\" target=\"_blank\" rel=\"noopener\">FICHA DE JOGO<\/a> &#8211; <strong><a href=\"http:\/\/www.cluberecreioinstrucao.com\/?p=19273\">FOTOS<\/a><br \/>\n<\/strong>15.01.2022 <strong>CRI<\/strong> 0-4 Ol\u00edmpico Montijo &#8211; <a href=\"https:\/\/resultados.fpf.pt\/Match\/GetMatchInformation?matchId=1698077\" target=\"_blank\" rel=\"noopener\">FICHA DE JOGO<\/a> &#8211; <strong><a href=\"http:\/\/www.cluberecreioinstrucao.com\/?p=19489\">FOTOS<\/a><br \/>\n<\/strong>22.01.2022 Samouquense 5-3 <strong>CRI<\/strong> &#8211; <a href=\"https:\/\/resultados.fpf.pt\/Match\/GetMatchInformation?matchId=1698078\" target=\"_blank\" rel=\"noopener\">FICHA DE JOGO<\/a> &#8211; <strong><a href=\"http:\/\/www.cluberecreioinstrucao.com\/?p=19529\">FOTOS<\/a><br \/>\n<\/strong>05.02.2022 <strong>CRI<\/strong> 2-1 B. Azeit\u00e3o &#8211; <a href=\"https:\/\/resultados.fpf.pt\/Match\/GetMatchInformation?matchId=1698081\" target=\"_blank\" rel=\"noopener\">FICHA DE JOGO<\/a><br \/>\n12.02.2022 1\u00ba Maio Sarilhense 5-5 <strong>CRI<\/strong> &#8211; <a href=\"https:\/\/resultados.fpf.pt\/Match\/GetMatchInformation?matchId=1698083\" target=\"_blank\" rel=\"noopener\">FICHA DE JOGO<\/a> &#8211; <strong><a href=\"http:\/\/www.cluberecreioinstrucao.com\/?p=19627\">FOTOS<\/a><\/strong><\/p>\n<p><strong>CLASSIFICA\u00c7\u00c3O FINAL DA 1\u00aa FASE<\/strong><\/p>\n<p><img decoding=\"async\" loading=\"lazy\" class=\"alignnone wp-image-19639\" src=\"http:\/\/www.cluberecreioinstrucao.com\/wp-content\/uploads\/2022\/02\/sub-13.jpg\" alt=\"\" width=\"360\" height=\"493\" srcset=\"http:\/\/www.cluberecreioinstrucao.com\/wp-content\/uploads\/2022\/02\/sub-13.jpg 640w, http:\/\/www.cluberecreioinstrucao.com\/wp-content\/uploads\/2022\/02\/sub-13-219x300.jpg 219w, http:\/\/www.cluberecreioinstrucao.com\/wp-content\/uploads\/2022\/02\/sub-13-93x128.jpg 93w, http:\/\/www.cluberecreioinstrucao.com\/wp-content\/uploads\/2022\/02\/sub-13-23x32.jpg 23w, http:\/\/www.cluberecreioinstrucao.com\/wp-content\/uploads\/2022\/02\/sub-13-73x100.jpg 73w, http:\/\/www.cluberecreioinstrucao.com\/wp-content\/uploads\/2022\/02\/sub-13-36x50.jpg 36w, http:\/\/www.cluberecreioinstrucao.com\/wp-content\/uploads\/2022\/02\/sub-13-18x25.jpg 18w, http:\/\/www.cluberecreioinstrucao.com\/wp-content\/uploads\/2022\/02\/sub-13-300x411.jpg 300w\" sizes=\"(max-width: 360px) 100vw, 360px\" \/><\/p>\n<div class=\"mks_separator\" style=\"border-bottom: 3px solid;\"><\/div>\n<p><strong><a name=\"JOGADORES\"><\/a><\/strong><\/p>\n<p>JOGADORES<img decoding=\"async\" loading=\"lazy\" class=\"aligncenter wp-image-16614 size-full\" src=\"http:\/\/www.cluberecreioinstrucao.com\/wp-content\/uploads\/2019\/12\/barra-jogadores-e1591273100147.jpg\" alt=\"\" width=\"959\" height=\"105\" \/><div class=\"mks_separator\" style=\"border-bottom: 1px solid;\"><\/div>\n<p><a href=\"https:\/\/www.fpf.pt\/pt\/Jogadores\/Ficha-de-Jogador\/playerId\/1951746\" target=\"_blank\" rel=\"noopener\">Afonso Pina<\/a><br \/>\n<a href=\"https:\/\/www.fpf.pt\/pt\/Jogadores\/Ficha-de-Jogador\/playerId\/1844432\" target=\"_blank\" rel=\"noopener\">Eduardo Caetano<\/a><br \/>\n<a href=\"https:\/\/www.fpf.pt\/pt\/Jogadores\/Ficha-de-Jogador\/playerId\/1902882\" target=\"_blank\" rel=\"noopener\">Gabriel Sousa Pereira<\/a><br \/>\n<a href=\"https:\/\/www.fpf.pt\/pt\/Jogadores\/Ficha-de-Jogador\/playerId\/1765072\" target=\"_blank\" rel=\"noopener\">Gabriel Brito<\/a> *<br \/>\n<a href=\"https:\/\/www.fpf.pt\/pt\/Jogadores\/Ficha-de-Jogador\/playerId\/2012787\" target=\"_blank\" rel=\"noopener\">Joana Panelas<\/a><br \/>\nJo\u00e3o Bai\u00e3o<br \/>\n<a href=\"https:\/\/www.fpf.pt\/pt\/Jogadores\/Ficha-de-Jogador\/playerId\/1892298\" target=\"_blank\" rel=\"noopener\">Jos\u00e9 Benedito<\/a><br \/>\n<a href=\"https:\/\/www.fpf.pt\/pt\/Jogadores\/Ficha-de-Jogador\/playerId\/2059956\" target=\"_blank\" rel=\"noopener\">Keysee Brand\u00e3o<\/a><br \/>\n<a href=\"https:\/\/www.fpf.pt\/pt\/Jogadores\/Ficha-de-Jogador\/playerId\/2065831\" target=\"_blank\" rel=\"noopener\">Leonardo Gra\u00fado<\/a><br \/>\n<a href=\"https:\/\/www.fpf.pt\/pt\/Jogadores\/Ficha-de-Jogador\/playerId\/1910097\" target=\"_blank\" rel=\"noopener\">Martim Campino<\/a><br \/>\n<a href=\"https:\/\/www.fpf.pt\/pt\/Jogadores\/Ficha-de-Jogador\/playerId\/1850452\" target=\"_blank\" rel=\"noopener\">Miguel Almeida<\/a><br \/>\n<a href=\"https:\/\/www.fpf.pt\/pt\/Jogadores\/Ficha-de-Jogador\/playerId\/1847565\" target=\"_blank\" rel=\"noopener\">Paulo Zacarias<\/a><br \/>\n<a href=\"https:\/\/www.fpf.pt\/pt\/Jogadores\/Ficha-de-Jogador\/playerId\/1847574\" target=\"_blank\" rel=\"noopener\">Pedro Primo<\/a><br \/>\n<a href=\"https:\/\/www.fpf.pt\/pt\/Jogadores\/Ficha-de-Jogador\/playerId\/1951025\" target=\"_blank\" rel=\"noopener\">Ricardo Trindade<\/a><br \/>\n<a href=\"https:\/\/www.fpf.pt\/pt\/Jogadores\/Ficha-de-Jogador\/playerId\/1611062\" target=\"_blank\" rel=\"noopener\">Rodrigo Gon\u00e7alves<\/a><br \/>\n<a href=\"https:\/\/www.fpf.pt\/pt\/Jogadores\/Ficha-de-Jogador\/playerId\/1847567\" target=\"_blank\" rel=\"noopener\">Santiago Pinto<\/a><br \/>\n<a href=\"https:\/\/www.fpf.pt\/pt\/Jogadores\/Ficha-de-Jogador\/playerId\/1847568\" target=\"_blank\" rel=\"noopener\">Tiago J\u00falio<\/a><br \/>\n<a href=\"https:\/\/www.fpf.pt\/pt\/Jogadores\/Ficha-de-Jogador\/playerId\/2050529\" target=\"_blank\" rel=\"noopener\">Tiago Ros\u00e1rio<\/a><br \/>\n<a href=\"https:\/\/www.fpf.pt\/pt\/Jogadores\/Ficha-de-Jogador\/playerId\/2034574\" target=\"_blank\" rel=\"noopener\">Vitorino Tour\u00e3o<\/a><\/p>\n<p>&nbsp;<\/p>\n<div class=\"mks_separator\" style=\"border-bottom: 3px solid;\"><\/div>\n<strong><a name=\"TREINADORES. DIRIGENTES. COLABORADORES\"><\/a><\/strong><\/p>\n<p>TREINADORES. DIRIGENTES. COLABORADORES<strong><img decoding=\"async\" loading=\"lazy\" class=\"aligncenter wp-image-16612 size-full\" src=\"http:\/\/www.cluberecreioinstrucao.com\/wp-content\/uploads\/2019\/12\/barra-treinador-e1591273338543.jpg\" alt=\"\" width=\"1920\" height=\"187\" srcset=\"http:\/\/www.cluberecreioinstrucao.com\/wp-content\/uploads\/2019\/12\/barra-treinador-e1591273338543.jpg 1920w, http:\/\/www.cluberecreioinstrucao.com\/wp-content\/uploads\/2019\/12\/barra-treinador-e1591273338543-300x29.jpg 300w, http:\/\/www.cluberecreioinstrucao.com\/wp-content\/uploads\/2019\/12\/barra-treinador-e1591273338543-768x75.jpg 768w, http:\/\/www.cluberecreioinstrucao.com\/wp-content\/uploads\/2019\/12\/barra-treinador-e1591273338543-1024x100.jpg 1024w, http:\/\/www.cluberecreioinstrucao.com\/wp-content\/uploads\/2019\/12\/barra-treinador-e1591273338543-128x12.jpg 128w, http:\/\/www.cluberecreioinstrucao.com\/wp-content\/uploads\/2019\/12\/barra-treinador-e1591273338543-32x3.jpg 32w, http:\/\/www.cluberecreioinstrucao.com\/wp-content\/uploads\/2019\/12\/barra-treinador-e1591273338543-100x10.jpg 100w, http:\/\/www.cluberecreioinstrucao.com\/wp-content\/uploads\/2019\/12\/barra-treinador-e1591273338543-50x5.jpg 50w, http:\/\/www.cluberecreioinstrucao.com\/wp-content\/uploads\/2019\/12\/barra-treinador-e1591273338543-25x2.jpg 25w, http:\/\/www.cluberecreioinstrucao.com\/wp-content\/uploads\/2019\/12\/barra-treinador-e1591273338543-990x96.jpg 990w, http:\/\/www.cluberecreioinstrucao.com\/wp-content\/uploads\/2019\/12\/barra-treinador-e1591273338543-1320x129.jpg 1320w, http:\/\/www.cluberecreioinstrucao.com\/wp-content\/uploads\/2019\/12\/barra-treinador-e1591273338543-650x63.jpg 650w, http:\/\/www.cluberecreioinstrucao.com\/wp-content\/uploads\/2019\/12\/barra-treinador-e1591273338543-1536x150.jpg 1536w\" sizes=\"(max-width: 1920px) 100vw, 1920px\" \/><\/strong><div class=\"mks_separator\" style=\"border-bottom: 1px solid;\"><\/div>\nTreinador: <strong>Nelson Velho<\/strong><br \/>\nTreinadores Adjuntos: <strong>Carlos Duarte<\/strong> e <strong>Samuel Silva<br \/>\n<\/strong>Treinador G. Redes:<strong> Jorge Carvalho<br \/>\n<\/strong>Massagista: <strong>Paulo Benedito e Ana Silva<br \/>\n<\/strong>Coordenador T\u00e9cnico: <strong>Jos\u00e9 Medeiros<br \/>\n<\/strong><div class=\"mks_separator\" style=\"border-bottom: 1px solid;\"><\/div>\n<p>&nbsp;<\/p>\n<p><img decoding=\"async\" loading=\"lazy\" class=\"aligncenter size-full wp-image-18792\" src=\"http:\/\/www.cluberecreioinstrucao.com\/wp-content\/uploads\/2021\/09\/2021-09-25-equipa-inf.a.jpeg\" alt=\"\" width=\"1221\" height=\"916\" srcset=\"http:\/\/www.cluberecreioinstrucao.com\/wp-content\/uploads\/2021\/09\/2021-09-25-equipa-inf.a.jpeg 1221w, http:\/\/www.cluberecreioinstrucao.com\/wp-content\/uploads\/2021\/09\/2021-09-25-equipa-inf.a-300x225.jpeg 300w, http:\/\/www.cluberecreioinstrucao.com\/wp-content\/uploads\/2021\/09\/2021-09-25-equipa-inf.a-1024x768.jpeg 1024w, http:\/\/www.cluberecreioinstrucao.com\/wp-content\/uploads\/2021\/09\/2021-09-25-equipa-inf.a-768x576.jpeg 768w, http:\/\/www.cluberecreioinstrucao.com\/wp-content\/uploads\/2021\/09\/2021-09-25-equipa-inf.a-128x96.jpeg 128w, http:\/\/www.cluberecreioinstrucao.com\/wp-content\/uploads\/2021\/09\/2021-09-25-equipa-inf.a-32x24.jpeg 32w, http:\/\/www.cluberecreioinstrucao.com\/wp-content\/uploads\/2021\/09\/2021-09-25-equipa-inf.a-100x75.jpeg 100w, http:\/\/www.cluberecreioinstrucao.com\/wp-content\/uploads\/2021\/09\/2021-09-25-equipa-inf.a-50x38.jpeg 50w, http:\/\/www.cluberecreioinstrucao.com\/wp-content\/uploads\/2021\/09\/2021-09-25-equipa-inf.a-25x19.jpeg 25w, http:\/\/www.cluberecreioinstrucao.com\/wp-content\/uploads\/2021\/09\/2021-09-25-equipa-inf.a-74x55.jpeg 74w, http:\/\/www.cluberecreioinstrucao.com\/wp-content\/uploads\/2021\/09\/2021-09-25-equipa-inf.a-111x83.jpeg 111w, http:\/\/www.cluberecreioinstrucao.com\/wp-content\/uploads\/2021\/09\/2021-09-25-equipa-inf.a-215x161.jpeg 215w, http:\/\/www.cluberecreioinstrucao.com\/wp-content\/uploads\/2021\/09\/2021-09-25-equipa-inf.a-990x743.jpeg 990w, http:\/\/www.cluberecreioinstrucao.com\/wp-content\/uploads\/2021\/09\/2021-09-25-equipa-inf.a-400x300.jpeg 400w\" sizes=\"(max-width: 1221px) 100vw, 1221px\" \/><\/p>\n<p>&nbsp;<\/p>\n","protected":false},"excerpt":{"rendered":"<p>ARQUIVO \u00c9POCAS ANTERIORES \u00c9POCA 2021\/22 JOGADORES TREINADORES. DIRIGENTES. COLABORADORES FOTOS. V\u00cdDEOS. NOT\u00cdCIAS CAMPEONATO A.F. SET\u00daBAL &#8211; 1\u00aa FASE &#8211; S\u00c9RIE &#8220;C&#8221; TORNEIO COMPLEMENTAR A. F. SET\u00daBAL &#8211; S\u00c9RIE &#8220;B&#8221; TORNEIO COMPLEMENTAR A. F. SET\u00daBAL &#8211; S\u00c9RIE &#8220;B&#8221; &#8211; CLASSIFICA\u00c7\u00c3O OS NOSSOS JOGOS OFICIAIS: 12 MAR 2022 Santoantoniense 0-7 CRI &#8211; FICHA DE JOGO &#8211; FOTOS [&hellip;]<\/p>\n","protected":false},"author":1,"featured_media":0,"parent":0,"menu_order":0,"comment_status":"closed","ping_status":"closed","template":"","meta":[],"_links":{"self":[{"href":"http:\/\/www.cluberecreioinstrucao.com\/index.php?rest_route=\/wp\/v2\/pages\/18706"}],"collection":[{"href":"http:\/\/www.cluberecreioinstrucao.com\/index.php?rest_route=\/wp\/v2\/pages"}],"about":[{"href":"http:\/\/www.cluberecreioinstrucao.com\/index.php?rest_route=\/wp\/v2\/types\/page"}],"author":[{"embeddable":true,"href":"http:\/\/www.cluberecreioinstrucao.com\/index.php?rest_route=\/wp\/v2\/users\/1"}],"replies":[{"embeddable":true,"href":"http:\/\/www.cluberecreioinstrucao.com\/index.php?rest_route=%2Fwp%2Fv2%2Fcomments&post=18706"}],"version-history":[{"count":39,"href":"http:\/\/www.cluberecreioinstrucao.com\/index.php?rest_route=\/wp\/v2\/pages\/18706\/revisions"}],"predecessor-version":[{"id":20354,"href":"http:\/\/www.cluberecreioinstrucao.com\/index.php?rest_route=\/wp\/v2\/pages\/18706\/revisions\/20354"}],"wp:attachment":[{"href":"http:\/\/www.cluberecreioinstrucao.com\/index.php?rest_route=%2Fwp%2Fv2%2Fmedia&parent=18706"}],"curies":[{"name":"wp","href":"https:\/\/api.w.org\/{rel}","templated":true}]}}