{"id":189,"date":"2012-06-25T12:07:18","date_gmt":"2012-06-25T12:07:18","guid":{"rendered":"http:\/\/www.alhosvedros.net\/criav\/?page_id=189"},"modified":"2020-06-29T11:07:43","modified_gmt":"2020-06-29T11:07:43","slug":"iniciados-20112012","status":"publish","type":"page","link":"http:\/\/www.cluberecreioinstrucao.com\/?page_id=189","title":{"rendered":"2011-12 Iniciados"},"content":{"rendered":"<p><a href=\"http:\/\/www.alhosvedros.net\/criav\/?p=603\"><img decoding=\"async\" class=\" wp-image-509 alignnone\" title=\"20111002cri0fcareias0a\" src=\"http:\/\/www.cluberecreioinstrucao.com\/wp-content\/uploads\/2011\/11\/20111002cri0fcareias0a-1024x751.jpg\" alt=\"\" \/><\/a><br \/>\n<a href=\"http:\/\/www.cluberecreioinstrucao.com\/info\/?p=1467\" target=\"_blank\" rel=\"noopener noreferrer\">Plantel Completo<\/a><br \/>\n<a href=\"https:\/\/www.zerozero.pt\/equipa.php?id=15953&amp;epoca_id=141\" target=\"_blank\" rel=\"noopener noreferrer\">Plantel no Zerozero<\/a><\/p>\n<div class=\"mks_separator\" style=\"border-bottom: 2px solid;\"><\/div>\n<p>BALAN\u00c7O DA \u00c9POCA &#8211; TREINADOR<br \/>\n<a href=\"http:\/\/crientrevistas.wordpress.com\/2012\/06\/29\/264\/\" target=\"_blank\" rel=\"noopener noreferrer\">Jos\u00e9 Fernandes<\/a><\/p>\n<div class=\"mks_separator\" style=\"border-bottom: 2px solid;\"><\/div>\n<h2>TORNEIO COMPLEMENTAR<\/h2>\n<p>13\/05\/2012 CRI 0-3 GDR Portugal<br \/>\n20\/05\/2012 Ol\u00edmpico 7-0 CRI<br \/>\n27\/05\/2012 CRI 4-2 FC Areias<br \/>\n03\/06\/2012 Pinhalnovense 5-0 CRI<br \/>\n10\/06\/2012 CRI 1-2 1\u00ba Maio Sarilhense<\/p>\n<p><img decoding=\"async\" loading=\"lazy\" class=\"size-full wp-image-17667 alignnone\" src=\"http:\/\/www.cluberecreioinstrucao.com\/wp-content\/uploads\/2020\/06\/2011-12-iniciados-complementar.jpg\" alt=\"\" width=\"640\" height=\"267\" srcset=\"http:\/\/www.cluberecreioinstrucao.com\/wp-content\/uploads\/2020\/06\/2011-12-iniciados-complementar.jpg 640w, http:\/\/www.cluberecreioinstrucao.com\/wp-content\/uploads\/2020\/06\/2011-12-iniciados-complementar-300x125.jpg 300w, http:\/\/www.cluberecreioinstrucao.com\/wp-content\/uploads\/2020\/06\/2011-12-iniciados-complementar-128x53.jpg 128w, http:\/\/www.cluberecreioinstrucao.com\/wp-content\/uploads\/2020\/06\/2011-12-iniciados-complementar-32x13.jpg 32w, http:\/\/www.cluberecreioinstrucao.com\/wp-content\/uploads\/2020\/06\/2011-12-iniciados-complementar-100x42.jpg 100w, http:\/\/www.cluberecreioinstrucao.com\/wp-content\/uploads\/2020\/06\/2011-12-iniciados-complementar-50x21.jpg 50w, http:\/\/www.cluberecreioinstrucao.com\/wp-content\/uploads\/2020\/06\/2011-12-iniciados-complementar-25x10.jpg 25w\" sizes=\"(max-width: 640px) 100vw, 640px\" \/><br \/>\n<div class=\"mks_separator\" style=\"border-bottom: 2px solid;\"><\/div>\n<h2>CAMPEONATO DISTRITAL &#8211; 3\u00aa DIVIS\u00c3O &#8211; S\u00c9RIE B<\/h2>\n<p>Algumas <a href=\"http:\/\/www.graca-cabeleireiro.com\/cri\/Htm\/20112012\/Iniciados\/Fotos.htm\" target=\"_blank\" rel=\"noopener noreferrer\">Fotos<\/a><\/p>\n<p><a href=\"http:\/\/www.zerozero.pt\/edicao.php?id_edicao=25873\" target=\"_blank\" rel=\"noopener noreferrer\">Classifica\u00e7\u00e3o\/Resultados<\/a> (3\u00aa Div. S\u00e9rie B)<\/p>\n<p>02\/10\/2011 CRI 0-0 FC Areias &#8211; <a href=\"http:\/\/alhosvedros-sports.blogspot.com\/2011\/10\/cri-0-0-fc-areias-iniciados.html\" target=\"_blank\" rel=\"noopener noreferrer\">RESUMO DO JOGO<\/a> (av sports) &#8211; <a href=\"http:\/\/www.youtube.com\/watch?v=4R6S8MAtS4Y&amp;feature=player_embedded\" target=\"_blank\" rel=\"noopener noreferrer\">V\u00cdDEO<\/a><br \/>\n09\/10\/2011 Olimpico-B 7-1 CRI<br \/>\n16\/10\/2011 CRI 1-5 Grandolense &#8211; <a href=\"http:\/\/www.youtube.com\/watch?v=2e1f3GyKs9Q&amp;feature=player_embedded\" target=\"_blank\" rel=\"noopener noreferrer\">V\u00cdDEO<\/a><br \/>\n23\/10\/2011 Palmelense-B 2-0 CRI<br \/>\n30\/10\/2011 CRI 1-0 Brejos Azeit\u00e3o-B<br \/>\n06\/11\/2011 E.S.Andr\u00e9 3-1 CRI<br \/>\n13\/11\/2011 CRI 0-3 Fabril-B<br \/>\n19\/11\/2011 1\u00baMaio Sarilhense 7-0 CRI<br \/>\n27\/11\/2011 CRI 1-8 C.Ind\u00fastria<br \/>\n04\/12\/2011 Alcochetense-B 1-0 CRI<br \/>\n11\/12\/2011 CRI 0-2 U.Santiago<br \/>\n18\/12\/2011 Moitense 1-5 CRI<br \/>\n22\/01\/2012 FC Areias 3-3 CRI<br \/>\n29\/01\/2012 CRI 0-5 Ol\u00edmpico&#8221;B&#8221; &#8211; <a href=\"https:\/\/picasaweb.google.com\/105105699121966122214\/CRI05OlimpicoBIni?authkey=Gv1sRgCISKjfOww-HEIg#slideshow\/\" target=\"_blank\" rel=\"noopener noreferrer\">FOTOS<\/a><br \/>\n06\/02\/2012 Grandolense 0-2 CRI<br \/>\n12\/02\/2012 CRI 0-1 Palmelense&#8221;B&#8221;<br \/>\n19\/02\/2012 Brejos Azeit\u00e3o&#8221;B&#8221; 0-1 CRI<br \/>\n26\/02\/2012 CRI 1-4 Est.S.Andr\u00e9<br \/>\n04\/03\/2012 Fabril&#8221;B&#8221; 7-1 CRI<br \/>\n11\/03\/2012 CRI 6-1 1\u00baMaio Sarilhense<br \/>\n18\/03\/2012 C.Ind\u00fastria 6-0 CRI<br \/>\n25\/03\/2012 CRI 0-1 Alcochetense&#8221;B&#8221; <a href=\"https:\/\/picasaweb.google.com\/105105699121966122214\/CRI01AlcochetenseIniciados?authkey=Gv1sRgCIGWrtDpxejb8AE#slideshow\/\" target=\"_blank\" rel=\"noopener noreferrer\">FOTOS<\/a><br \/>\n01\/04\/2012 Uni\u00e3o Santiago 3-0 CRI<\/p>\n<p>06\/04\/2012 &#8211; Torneio de P\u00e1scoa do 1\u00ba Maio Sarilhense &#8211; <a href=\"https:\/\/picasaweb.google.com\/105105699121966122214\/TorneioDePascoaDo1MaioSarilhense?authkey=Gv1sRgCKjgybKlr5-9_AE#slideshow\/\" target=\"_blank\" rel=\"noopener noreferrer\">FOTOS<\/a><br \/>\n07\/04\/2012 &#8211; Torneio de P\u00e1scoa\u00a0 do Brejos Azeit\u00e3o &#8211; <a href=\"https:\/\/picasaweb.google.com\/105105699121966122214\/TorneioPascoaCCDBAIniciados?authkey=Gv1sRgCI_8w8fGl6-IFg#slideshow\/\" target=\"_blank\" rel=\"noopener noreferrer\">FOTOS<\/a><\/p>\n<p>15\/04\/2012 CRI 1-0 Moitense &#8211; <a href=\"https:\/\/picasaweb.google.com\/105105699121966122214\/CRI10MoitenseIniciados?authkey=Gv1sRgCLel7Lbp_f7izAE#slideshow\/\" target=\"_blank\" rel=\"noopener noreferrer\">FOTOS<br \/>\n<\/a><\/p>\n<p><img decoding=\"async\" loading=\"lazy\" class=\"size-full wp-image-17666 alignnone\" src=\"http:\/\/www.cluberecreioinstrucao.com\/wp-content\/uploads\/2020\/06\/2011-12-iniciados-campeonato.jpg\" alt=\"\" width=\"640\" height=\"486\" srcset=\"http:\/\/www.cluberecreioinstrucao.com\/wp-content\/uploads\/2020\/06\/2011-12-iniciados-campeonato.jpg 640w, http:\/\/www.cluberecreioinstrucao.com\/wp-content\/uploads\/2020\/06\/2011-12-iniciados-campeonato-300x228.jpg 300w, http:\/\/www.cluberecreioinstrucao.com\/wp-content\/uploads\/2020\/06\/2011-12-iniciados-campeonato-128x97.jpg 128w, http:\/\/www.cluberecreioinstrucao.com\/wp-content\/uploads\/2020\/06\/2011-12-iniciados-campeonato-32x24.jpg 32w, http:\/\/www.cluberecreioinstrucao.com\/wp-content\/uploads\/2020\/06\/2011-12-iniciados-campeonato-100x76.jpg 100w, http:\/\/www.cluberecreioinstrucao.com\/wp-content\/uploads\/2020\/06\/2011-12-iniciados-campeonato-50x38.jpg 50w, http:\/\/www.cluberecreioinstrucao.com\/wp-content\/uploads\/2020\/06\/2011-12-iniciados-campeonato-25x19.jpg 25w, http:\/\/www.cluberecreioinstrucao.com\/wp-content\/uploads\/2020\/06\/2011-12-iniciados-campeonato-395x300.jpg 395w\" sizes=\"(max-width: 640px) 100vw, 640px\" \/><\/p>\n","protected":false},"excerpt":{"rendered":"<p>Plantel Completo Plantel no Zerozero BALAN\u00c7O DA \u00c9POCA &#8211; TREINADOR Jos\u00e9 Fernandes TORNEIO COMPLEMENTAR 13\/05\/2012 CRI 0-3 GDR Portugal 20\/05\/2012 Ol\u00edmpico 7-0 CRI 27\/05\/2012 CRI 4-2 FC Areias 03\/06\/2012 Pinhalnovense 5-0 CRI 10\/06\/2012 CRI 1-2 1\u00ba Maio Sarilhense CAMPEONATO DISTRITAL &#8211; 3\u00aa DIVIS\u00c3O &#8211; S\u00c9RIE B Algumas Fotos Classifica\u00e7\u00e3o\/Resultados (3\u00aa Div. S\u00e9rie B) 02\/10\/2011 CRI [&hellip;]<\/p>\n","protected":false},"author":1,"featured_media":509,"parent":0,"menu_order":0,"comment_status":"closed","ping_status":"open","template":"","meta":[],"_links":{"self":[{"href":"http:\/\/www.cluberecreioinstrucao.com\/index.php?rest_route=\/wp\/v2\/pages\/189"}],"collection":[{"href":"http:\/\/www.cluberecreioinstrucao.com\/index.php?rest_route=\/wp\/v2\/pages"}],"about":[{"href":"http:\/\/www.cluberecreioinstrucao.com\/index.php?rest_route=\/wp\/v2\/types\/page"}],"author":[{"embeddable":true,"href":"http:\/\/www.cluberecreioinstrucao.com\/index.php?rest_route=\/wp\/v2\/users\/1"}],"replies":[{"embeddable":true,"href":"http:\/\/www.cluberecreioinstrucao.com\/index.php?rest_route=%2Fwp%2Fv2%2Fcomments&post=189"}],"version-history":[{"count":5,"href":"http:\/\/www.cluberecreioinstrucao.com\/index.php?rest_route=\/wp\/v2\/pages\/189\/revisions"}],"predecessor-version":[{"id":17668,"href":"http:\/\/www.cluberecreioinstrucao.com\/index.php?rest_route=\/wp\/v2\/pages\/189\/revisions\/17668"}],"wp:featuredmedia":[{"embeddable":true,"href":"http:\/\/www.cluberecreioinstrucao.com\/index.php?rest_route=\/"}],"wp:attachment":[{"href":"http:\/\/www.cluberecreioinstrucao.com\/index.php?rest_route=%2Fwp%2Fv2%2Fmedia&parent=189"}],"curies":[{"name":"wp","href":"https:\/\/api.w.org\/{rel}","templated":true}]}}