{"id":20504,"date":"2022-07-06T09:06:47","date_gmt":"2022-07-06T09:06:47","guid":{"rendered":"http:\/\/www.cluberecreioinstrucao.com\/?page_id=20504"},"modified":"2023-03-13T10:28:38","modified_gmt":"2023-03-13T10:28:38","slug":"2022-23-juniores-sub-19","status":"publish","type":"page","link":"http:\/\/www.cluberecreioinstrucao.com\/?page_id=20504","title":{"rendered":"2022\/23 JUNIORES (SUB-19)"},"content":{"rendered":"<p><img decoding=\"async\" loading=\"lazy\" class=\"aligncenter size-full wp-image-21171\" src=\"http:\/\/www.cluberecreioinstrucao.com\/wp-content\/uploads\/2022\/12\/2022_12_03_vinhense_0_1_cri_059.jpg\" alt=\"\" width=\"1280\" height=\"853\" srcset=\"http:\/\/www.cluberecreioinstrucao.com\/wp-content\/uploads\/2022\/12\/2022_12_03_vinhense_0_1_cri_059.jpg 1280w, http:\/\/www.cluberecreioinstrucao.com\/wp-content\/uploads\/2022\/12\/2022_12_03_vinhense_0_1_cri_059-300x200.jpg 300w, http:\/\/www.cluberecreioinstrucao.com\/wp-content\/uploads\/2022\/12\/2022_12_03_vinhense_0_1_cri_059-1024x682.jpg 1024w, http:\/\/www.cluberecreioinstrucao.com\/wp-content\/uploads\/2022\/12\/2022_12_03_vinhense_0_1_cri_059-768x512.jpg 768w, http:\/\/www.cluberecreioinstrucao.com\/wp-content\/uploads\/2022\/12\/2022_12_03_vinhense_0_1_cri_059-128x85.jpg 128w, http:\/\/www.cluberecreioinstrucao.com\/wp-content\/uploads\/2022\/12\/2022_12_03_vinhense_0_1_cri_059-32x21.jpg 32w, http:\/\/www.cluberecreioinstrucao.com\/wp-content\/uploads\/2022\/12\/2022_12_03_vinhense_0_1_cri_059-100x67.jpg 100w, http:\/\/www.cluberecreioinstrucao.com\/wp-content\/uploads\/2022\/12\/2022_12_03_vinhense_0_1_cri_059-50x33.jpg 50w, http:\/\/www.cluberecreioinstrucao.com\/wp-content\/uploads\/2022\/12\/2022_12_03_vinhense_0_1_cri_059-25x17.jpg 25w, http:\/\/www.cluberecreioinstrucao.com\/wp-content\/uploads\/2022\/12\/2022_12_03_vinhense_0_1_cri_059-414x276.jpg 414w, http:\/\/www.cluberecreioinstrucao.com\/wp-content\/uploads\/2022\/12\/2022_12_03_vinhense_0_1_cri_059-470x313.jpg 470w, http:\/\/www.cluberecreioinstrucao.com\/wp-content\/uploads\/2022\/12\/2022_12_03_vinhense_0_1_cri_059-640x426.jpg 640w, http:\/\/www.cluberecreioinstrucao.com\/wp-content\/uploads\/2022\/12\/2022_12_03_vinhense_0_1_cri_059-130x86.jpg 130w, http:\/\/www.cluberecreioinstrucao.com\/wp-content\/uploads\/2022\/12\/2022_12_03_vinhense_0_1_cri_059-187x124.jpg 187w, http:\/\/www.cluberecreioinstrucao.com\/wp-content\/uploads\/2022\/12\/2022_12_03_vinhense_0_1_cri_059-990x660.jpg 990w, http:\/\/www.cluberecreioinstrucao.com\/wp-content\/uploads\/2022\/12\/2022_12_03_vinhense_0_1_cri_059-450x300.jpg 450w, http:\/\/www.cluberecreioinstrucao.com\/wp-content\/uploads\/2022\/12\/2022_12_03_vinhense_0_1_cri_059-310x207.jpg 310w, http:\/\/www.cluberecreioinstrucao.com\/wp-content\/uploads\/2022\/12\/2022_12_03_vinhense_0_1_cri_059-150x100.jpg 150w\" sizes=\"(max-width: 1280px) 100vw, 1280px\" \/><\/p>\n<div class=\"entry-content herald-entry-content\">\n<div><\/div>\n<div class=\"mks_separator\"><div class=\"mks_separator\" style=\"border-bottom: 2px solid;\"><\/div><\/div>\n<ul>\n<li><a href=\"http:\/\/www.cluberecreioinstrucao.com\/?page_id=6863\">ARQUIVO \u00c9POCAS ANTERIORES<\/a><\/li>\n<li><strong>\u00c9POCA 2022\/3<\/strong>\n<ul>\n<li><a href=\"http:\/\/www.cluberecreioinstrucao.com\/?page_id=20504#JOGADORES\"><strong>JOGADORES<\/strong><\/a><\/li>\n<li><a href=\"http:\/\/www.cluberecreioinstrucao.com\/?page_id=20504#TREINADORES.%20DIRIGENTES.%20COLABORADORES\"><strong>TREINADORES. DIRIGENTES. COLABORADORES<\/strong><\/a><\/li>\n<li><a href=\"http:\/\/www.cluberecreioinstrucao.com\/?tag=Juniores-2022\/23\"><strong>FOTOS. V\u00cdDEOS.\u00a0<\/strong><strong>NOT\u00cdCIAS<\/strong><\/a><\/li>\n<li><a href=\"https:\/\/resultados.fpf.pt\/Competition\/Details?competitionId=22808&amp;seasonId=102\" target=\"_blank\" rel=\"noopener\"><strong>RESULTADOS E CLASSIFICA\u00c7\u00d5ES &#8211; 2\u00aa DIVIS\u00c3O A F SET\u00daBAL &#8211; S\u00c9RIE B<\/strong><\/a><\/li>\n<\/ul>\n<\/li>\n<\/ul>\n<div class=\"mks_separator\" style=\"border-bottom: 2px solid;\"><\/div>\n<div class=\"mks_separator\"><strong>OS NOSSOS JOGOS OFICIAIS<\/strong><\/div>\n<\/div>\n<div><\/div>\n<div>\n<p>08 OUT &#8211; <strong>CRI<\/strong> 2-2 ADQC &#8220;B&#8221; &#8211; <a href=\"https:\/\/resultados.fpf.pt\/Match\/GetMatchInformation?matchId=1826830\" target=\"_blank\" rel=\"noopener\">FICHA DE JOGO<\/a> (Golos: Daniel Batista, 2)<br \/>\n15 OUT &#8211; Moitense &#8220;B&#8221; 0-2 <strong>CRI<\/strong> &#8211; <a href=\"https:\/\/resultados.fpf.pt\/Match\/GetMatchInformation?matchId=1826836\" target=\"_blank\" rel=\"noopener\">FICHA DE JOGO<\/a> &#8211; <a href=\"http:\/\/www.cluberecreioinstrucao.com\/?p=20835\">FOTOS<\/a> (Golos: Daniel Batista e Rodrigo Nogueira)<br \/>\n22 OUT &#8211; B. Azeit\u00e3o &#8220;B&#8221; 1-4 <strong>CRI <\/strong>&#8211; <a href=\"https:\/\/resultados.fpf.pt\/Match\/GetMatchInformation?matchId=1826841\" target=\"_blank\" rel=\"noopener\">FICHA DE JOGO<\/a> &#8211; <a href=\"http:\/\/www.cluberecreioinstrucao.com\/?p=20941\">FOTOS<\/a> (Golos: R. Nogueira, 2; E. Santos e J. Vitoreira)<br \/>\n29 OUT &#8211; <strong>CRI<\/strong> 3-3 Samouquense &#8211; <a href=\"https:\/\/resultados.fpf.pt\/Match\/GetMatchInformation?matchId=1826846\" target=\"_blank\" rel=\"noopener\">FICHA DE JOGO<\/a> &#8211; <a href=\"http:\/\/www.cluberecreioinstrucao.com\/?p=20929\">FOTOS<\/a> (Golos: R. Fernandes 2 e Leo Carvalho)<br \/>\n05 NOV &#8211; Pinhalnovense 4-0 <strong>CRI <\/strong>&#8211; <a href=\"https:\/\/resultados.fpf.pt\/Match\/GetMatchInformation?matchId=1826851\" target=\"_blank\" rel=\"noopener\">FICHA DE JOGO<\/a> &#8211; <a href=\"http:\/\/www.cluberecreioinstrucao.com\/?p=20976\">FOTOS<\/a><br \/>\n19 NOV &#8211; Juv. Sarilhense 7-0 <strong>CRI<\/strong> &#8211; <a href=\"https:\/\/resultados.fpf.pt\/Match\/GetMatchInformation?matchId=1826861\" target=\"_blank\" rel=\"noopener\">FICHA DE JOGO<\/a><br \/>\n26 NOV &#8211; <strong>CRI<\/strong> 5-0 Quintajense &#8211; <a href=\"https:\/\/resultados.fpf.pt\/Match\/GetMatchInformation?matchId=1826866\" target=\"_blank\" rel=\"noopener\">FICHA DE JOGO<\/a> &#8211; <a href=\"http:\/\/www.cluberecreioinstrucao.com\/?p=21135\">FOTOS<\/a> (Golos: Rodrigo Nogueira 3 e Francisco Fragoso 2)<br \/>\n03 DEZ &#8211; Vinhense 0-1 <strong>CRI<\/strong> &#8211; <a href=\"https:\/\/resultados.fpf.pt\/Match\/GetMatchInformation?matchId=1826871\" target=\"_blank\" rel=\"noopener\">FICHA DE JOGO<\/a> &#8211; <a href=\"http:\/\/www.cluberecreioinstrucao.com\/?p=21169\">FOTOS<\/a> (Golo: Rodrigo Nogueira)<br \/>\n10 DEZ &#8211; <strong>CRI<\/strong> 1-4 Ol\u00edmpico &#8220;B&#8221; &#8211; <a href=\"https:\/\/resultados.fpf.pt\/Match\/GetMatchInformation?matchId=1826856\" target=\"_blank\" rel=\"noopener\">FICHA DE JOGO<\/a> (6\u00aa jornada &#8211; Golo: Rodrigo Nogueira)<br \/>\n17 DEZ &#8211; ADQC &#8220;B&#8221; 4-1 <strong>CRI<\/strong> &#8211; <a href=\"https:\/\/resultados.fpf.pt\/Match\/GetMatchInformation?matchId=1826875\" target=\"_blank\" rel=\"noopener\">FICHA DE JOGO<\/a> (Golo: Rodrigo Nogueira)<br \/>\n07 JAN &#8211; <strong>CRI<\/strong> 2-1 Moitense &#8220;B&#8221; &#8211; <a href=\"https:\/\/resultados.fpf.pt\/Match\/GetMatchInformation?matchId=1826881\" target=\"_blank\" rel=\"noopener\">FICHA DE JOGO<\/a> &#8211; <a href=\"http:\/\/www.cluberecreioinstrucao.com\/?p=21278\">FOTOS<\/a> (Golos: Rodrigo Fernandes\u00a0 2)<br \/>\n14 JAN &#8211; <strong>CRI<\/strong> 1-0 B. Azeit\u00e3o &#8220;B&#8221; &#8211; <a href=\"https:\/\/resultados.fpf.pt\/Match\/GetMatchInformation?matchId=1826886\" target=\"_blank\" rel=\"noopener\">FICHA DE JOGO<\/a> &#8211; <a href=\"http:\/\/www.cluberecreioinstrucao.com\/?p=21307\">FOTOS<\/a> (Golo: Rodrigo Fernandes)<br \/>\n21 JAN &#8211; Samouquense 4-1 <strong>CRI<\/strong> &#8211; <a href=\"https:\/\/resultados.fpf.pt\/Match\/GetMatchInformation?matchId=1826891\" target=\"_blank\" rel=\"noopener\">FICHA DE JOGO<\/a> (Golo: Leo Carvalho)<br \/>\n28 JAN &#8211; <strong>CRI<\/strong> 1-9 Pinhalnovense &#8211; <a href=\"https:\/\/resultados.fpf.pt\/Match\/GetMatchInformation?matchId=1826896\" target=\"_blank\" rel=\"noopener\">FICHA DE JOGO<\/a> &#8211; <a href=\"http:\/\/www.cluberecreioinstrucao.com\/?p=21407\">FOTOS<\/a> (Golo: Leo Carvalho)<br \/>\n04 FEV &#8211; Ol\u00edmpico &#8220;B&#8221; 10-0 <strong>CRI &#8211; <\/strong><a href=\"https:\/\/resultados.fpf.pt\/Match\/GetMatchInformation?matchId=1826901\" target=\"_blank\" rel=\"noopener\">FICHA DE JOGO<\/a><br \/>\n11 FEV &#8211; <strong>CRI<\/strong> 0-3 Juv. Sarilhense &#8211; <a href=\"https:\/\/resultados.fpf.pt\/Match\/GetMatchInformation?matchId=1826906\" target=\"_blank\" rel=\"noopener\">FICHA DE JOGO<\/a><br \/>\n25 FEV &#8211; Quintajense 1-3 <strong>CRI <\/strong>&#8211; <a href=\"https:\/\/resultados.fpf.pt\/Match\/GetMatchInformation?matchId=1826911\" target=\"_blank\" rel=\"noopener\">FICHA DE JOGO<\/a> (Golos R. Nogueira, R. Fernandes e Leo Carvalho)<br \/>\n04 MAR &#8211; <strong>CRI<\/strong> 1-2 Vinhense &#8211; <a href=\"https:\/\/resultados.fpf.pt\/Match\/GetMatchInformation?matchId=1826916\" target=\"_blank\" rel=\"noopener\">FICHA DE JOGO<\/a> &#8211; <a href=\"http:\/\/www.cluberecreioinstrucao.com\/?p=21662\">FOTOS<\/a> (Golo: R. Nogueira)<\/p>\n<\/div>\n<div>\n<p><strong>CLASSIFICA\u00c7\u00c3O FINAL<\/strong><\/p>\n<p><img decoding=\"async\" loading=\"lazy\" class=\"alignnone wp-image-21695\" src=\"http:\/\/www.cluberecreioinstrucao.com\/wp-content\/uploads\/2023\/03\/juniores-1.jpg\" alt=\"\" width=\"300\" height=\"673\" srcset=\"http:\/\/www.cluberecreioinstrucao.com\/wp-content\/uploads\/2023\/03\/juniores-1.jpg 360w, http:\/\/www.cluberecreioinstrucao.com\/wp-content\/uploads\/2023\/03\/juniores-1-134x300.jpg 134w, http:\/\/www.cluberecreioinstrucao.com\/wp-content\/uploads\/2023\/03\/juniores-1-57x128.jpg 57w, http:\/\/www.cluberecreioinstrucao.com\/wp-content\/uploads\/2023\/03\/juniores-1-14x32.jpg 14w, http:\/\/www.cluberecreioinstrucao.com\/wp-content\/uploads\/2023\/03\/juniores-1-45x100.jpg 45w, http:\/\/www.cluberecreioinstrucao.com\/wp-content\/uploads\/2023\/03\/juniores-1-22x50.jpg 22w, http:\/\/www.cluberecreioinstrucao.com\/wp-content\/uploads\/2023\/03\/juniores-1-11x25.jpg 11w, http:\/\/www.cluberecreioinstrucao.com\/wp-content\/uploads\/2023\/03\/juniores-1-138x310.jpg 138w, http:\/\/www.cluberecreioinstrucao.com\/wp-content\/uploads\/2023\/03\/juniores-1-47x105.jpg 47w, http:\/\/www.cluberecreioinstrucao.com\/wp-content\/uploads\/2023\/03\/juniores-1-300x673.jpg 300w\" sizes=\"(max-width: 300px) 100vw, 300px\" \/><\/p>\n<\/div>\n<div><\/div>\n<div><\/div>\n<div><\/div>\n<div><div class=\"mks_separator\" style=\"border-bottom: 2px solid;\"><\/div><\/div>\n<div class=\"entry-content herald-entry-content\">\n<p>JOGADORES<img decoding=\"async\" loading=\"lazy\" class=\"aligncenter wp-image-16614 size-full\" src=\"http:\/\/www.cluberecreioinstrucao.com\/wp-content\/uploads\/2019\/12\/barra-jogadores-e1591273100147.jpg\" alt=\"\" width=\"959\" height=\"105\" \/><\/p>\n<div class=\"mks_separator\">JOGADORES<\/div>\n<div><a href=\"https:\/\/www.fpf.pt\/pt\/Jogadores\/Ficha-de-Jogador\/playerId\/1613351\" target=\"_blank\" rel=\"noopener\">Afonso Oliveira<\/a><\/div>\n<div><a href=\"https:\/\/www.fpf.pt\/pt\/Jogadores\/Ficha-de-Jogador\/playerId\/960752\" target=\"_blank\" rel=\"noopener\">Bruno Matos<\/a><br \/>\n<a href=\"https:\/\/www.fpf.pt\/pt\/Jogadores\/Ficha-de-Jogador\/playerId\/1834375\" target=\"_blank\" rel=\"noopener\">Daniel Batista<\/a><br \/>\n<a href=\"https:\/\/www.fpf.pt\/pt\/Jogadores\/Ficha-de-Jogador\/playerId\/1578368\" target=\"_blank\" rel=\"noopener\">David Cardoso<\/a><br \/>\n<a href=\"https:\/\/www.fpf.pt\/pt\/Jogadores\/Ficha-de-Jogador\/playerId\/1614390\" target=\"_blank\" rel=\"noopener\">David Rodrigues<\/a><br \/>\n<a href=\"https:\/\/www.fpf.pt\/pt\/Jogadores\/Ficha-de-Jogador\/playerId\/940024\" target=\"_blank\" rel=\"noopener\">Diogo Farinha<\/a><br \/>\n<a href=\"https:\/\/www.fpf.pt\/pt\/Jogadores\/Ficha-de-Jogador\/playerId\/961648\" target=\"_blank\" rel=\"noopener\">Diogo Machado<\/a><br \/>\n<a href=\"https:\/\/www.fpf.pt\/pt\/Jogadores\/Ficha-de-Jogador\/playerId\/1579474\" target=\"_blank\" rel=\"noopener\">Diogo J\u00falio<\/a><br \/>\n<a href=\"https:\/\/www.fpf.pt\/pt\/Jogadores\/Ficha-de-Jogador\/playerId\/2032044\" target=\"_blank\" rel=\"noopener\">Duarte Silva<\/a><br \/>\n<a href=\"https:\/\/www.fpf.pt\/pt\/Jogadores\/Ficha-de-Jogador\/playerId\/2105172\" target=\"_blank\" rel=\"noopener\">Everaldo Lu\u00eds Santos<\/a><\/div>\n<div><a href=\"https:\/\/www.fpf.pt\/pt\/Jogadores\/Ficha-de-Jogador\/playerId\/758402\" target=\"_blank\" rel=\"noopener\">Filipe Saldanha<\/a><br \/>\n<a href=\"https:\/\/www.fpf.pt\/pt\/Jogadores\/Ficha-de-Jogador\/playerId\/844685\" target=\"_blank\" rel=\"noopener\">Jo\u00e3o Busca<\/a><br \/>\n<a href=\"https:\/\/www.fpf.pt\/pt\/Jogadores\/Ficha-de-Jogador\/playerId\/941509\" target=\"_blank\" rel=\"noopener\">Jos\u00e9 Vitoreira<\/a><br \/>\n<a href=\"https:\/\/www.fpf.pt\/pt\/Jogadores\/Ficha-de-Jogador\/playerId\/974195\" target=\"_blank\" rel=\"noopener\">Leandro Carromeu<\/a><br \/>\n<a href=\"https:\/\/www.fpf.pt\/pt\/Jogadores\/Ficha-de-Jogador\/playerId\/2096128\" target=\"_blank\" rel=\"noopener\">Leandro Costa<\/a><br \/>\n<a href=\"https:\/\/www.fpf.pt\/pt\/Jogadores\/Ficha-de-Jogador\/playerId\/1948945\" target=\"_blank\" rel=\"noopener\">Leo Carvalho<\/a><br \/>\n<a href=\"https:\/\/www.fpf.pt\/pt\/Jogadores\/Ficha-de-Jogador\/playerId\/914105\" target=\"_blank\" rel=\"noopener\">Rodrigo Nogueira<\/a><br \/>\n<a href=\"https:\/\/www.fpf.pt\/pt\/Jogadores\/Ficha-de-Jogador\/playerId\/1594148\" target=\"_blank\" rel=\"noopener\">Rodrigo Fernandes<\/a><br \/>\n<a href=\"https:\/\/www.fpf.pt\/pt\/Jogadores\/Ficha-de-Jogador\/playerId\/1746413\" target=\"_blank\" rel=\"noopener\">Tiago Eliseu<\/a><br \/>\n<a href=\"https:\/\/www.fpf.pt\/pt\/Jogadores\/Ficha-de-Jogador\/playerId\/966521\" target=\"_blank\" rel=\"noopener\">Tom\u00e1s Pereira<\/a><\/div>\n<p>&nbsp;<\/p>\n<div class=\"mks_separator\"><\/div>\n<p>TREINADORES. DIRIGENTES. COLABORADORES<strong><img decoding=\"async\" loading=\"lazy\" class=\"aligncenter wp-image-16612 size-full\" src=\"http:\/\/www.cluberecreioinstrucao.com\/wp-content\/uploads\/2019\/12\/barra-treinador-e1591273338543.jpg\" sizes=\"(max-width: 1920px) 100vw, 1920px\" srcset=\"http:\/\/www.cluberecreioinstrucao.com\/wp-content\/uploads\/2019\/12\/barra-treinador-e1591273338543.jpg 1920w, http:\/\/www.cluberecreioinstrucao.com\/wp-content\/uploads\/2019\/12\/barra-treinador-e1591273338543-300x29.jpg 300w, http:\/\/www.cluberecreioinstrucao.com\/wp-content\/uploads\/2019\/12\/barra-treinador-e1591273338543-768x75.jpg 768w, http:\/\/www.cluberecreioinstrucao.com\/wp-content\/uploads\/2019\/12\/barra-treinador-e1591273338543-1024x100.jpg 1024w, http:\/\/www.cluberecreioinstrucao.com\/wp-content\/uploads\/2019\/12\/barra-treinador-e1591273338543-128x12.jpg 128w, http:\/\/www.cluberecreioinstrucao.com\/wp-content\/uploads\/2019\/12\/barra-treinador-e1591273338543-32x3.jpg 32w, http:\/\/www.cluberecreioinstrucao.com\/wp-content\/uploads\/2019\/12\/barra-treinador-e1591273338543-100x10.jpg 100w, http:\/\/www.cluberecreioinstrucao.com\/wp-content\/uploads\/2019\/12\/barra-treinador-e1591273338543-50x5.jpg 50w, http:\/\/www.cluberecreioinstrucao.com\/wp-content\/uploads\/2019\/12\/barra-treinador-e1591273338543-25x2.jpg 25w, http:\/\/www.cluberecreioinstrucao.com\/wp-content\/uploads\/2019\/12\/barra-treinador-e1591273338543-990x96.jpg 990w, http:\/\/www.cluberecreioinstrucao.com\/wp-content\/uploads\/2019\/12\/barra-treinador-e1591273338543-1320x129.jpg 1320w, http:\/\/www.cluberecreioinstrucao.com\/wp-content\/uploads\/2019\/12\/barra-treinador-e1591273338543-650x63.jpg 650w, http:\/\/www.cluberecreioinstrucao.com\/wp-content\/uploads\/2019\/12\/barra-treinador-e1591273338543-1536x150.jpg 1536w\" alt=\"\" width=\"1920\" height=\"187\" \/><\/strong><\/p>\n<p>Treinador: <strong>\u00c9lber Saldanha<\/strong><br \/>\nTreinador de Guarda-redes: <strong>Angelino Matos<\/strong><br \/>\nMassagista: <strong>Paulo Benedito \/Ana Silva<\/strong><br \/>\nDelegado: <strong>Nuno Silva<\/strong><br \/>\nCoordenador T\u00e9cnico: <strong>Jos\u00e9 L. Medeiros<\/strong><\/p>\n<p>&nbsp;<\/p>\n<\/div>\n","protected":false},"excerpt":{"rendered":"<p>ARQUIVO \u00c9POCAS ANTERIORES \u00c9POCA 2022\/3 JOGADORES TREINADORES. DIRIGENTES. COLABORADORES FOTOS. V\u00cdDEOS.\u00a0NOT\u00cdCIAS RESULTADOS E CLASSIFICA\u00c7\u00d5ES &#8211; 2\u00aa DIVIS\u00c3O A F SET\u00daBAL &#8211; S\u00c9RIE B OS NOSSOS JOGOS OFICIAIS 08 OUT &#8211; CRI 2-2 ADQC &#8220;B&#8221; &#8211; FICHA DE JOGO (Golos: Daniel Batista, 2) 15 OUT &#8211; Moitense &#8220;B&#8221; 0-2 CRI &#8211; FICHA DE JOGO &#8211; FOTOS [&hellip;]<\/p>\n","protected":false},"author":1,"featured_media":0,"parent":0,"menu_order":0,"comment_status":"closed","ping_status":"closed","template":"","meta":[],"_links":{"self":[{"href":"http:\/\/www.cluberecreioinstrucao.com\/index.php?rest_route=\/wp\/v2\/pages\/20504"}],"collection":[{"href":"http:\/\/www.cluberecreioinstrucao.com\/index.php?rest_route=\/wp\/v2\/pages"}],"about":[{"href":"http:\/\/www.cluberecreioinstrucao.com\/index.php?rest_route=\/wp\/v2\/types\/page"}],"author":[{"embeddable":true,"href":"http:\/\/www.cluberecreioinstrucao.com\/index.php?rest_route=\/wp\/v2\/users\/1"}],"replies":[{"embeddable":true,"href":"http:\/\/www.cluberecreioinstrucao.com\/index.php?rest_route=%2Fwp%2Fv2%2Fcomments&post=20504"}],"version-history":[{"count":42,"href":"http:\/\/www.cluberecreioinstrucao.com\/index.php?rest_route=\/wp\/v2\/pages\/20504\/revisions"}],"predecessor-version":[{"id":21696,"href":"http:\/\/www.cluberecreioinstrucao.com\/index.php?rest_route=\/wp\/v2\/pages\/20504\/revisions\/21696"}],"wp:attachment":[{"href":"http:\/\/www.cluberecreioinstrucao.com\/index.php?rest_route=%2Fwp%2Fv2%2Fmedia&parent=20504"}],"curies":[{"name":"wp","href":"https:\/\/api.w.org\/{rel}","templated":true}]}}