{"id":20539,"date":"2022-07-07T07:57:56","date_gmt":"2022-07-07T07:57:56","guid":{"rendered":"http:\/\/www.cluberecreioinstrucao.com\/?page_id=20539"},"modified":"2023-06-04T02:29:53","modified_gmt":"2023-06-04T02:29:53","slug":"2022-23-benjamins-b-sub-10","status":"publish","type":"page","link":"http:\/\/www.cluberecreioinstrucao.com\/?page_id=20539","title":{"rendered":"2022\/23 BENJAMINS B (SUB-10)"},"content":{"rendered":"<p><img decoding=\"async\" loading=\"lazy\" class=\"aligncenter size-full wp-image-20923\" src=\"http:\/\/www.cluberecreioinstrucao.com\/wp-content\/uploads\/2022\/10\/sub-10_2022_10_29.jpg\" alt=\"\" width=\"1920\" height=\"1280\" srcset=\"http:\/\/www.cluberecreioinstrucao.com\/wp-content\/uploads\/2022\/10\/sub-10_2022_10_29.jpg 1920w, http:\/\/www.cluberecreioinstrucao.com\/wp-content\/uploads\/2022\/10\/sub-10_2022_10_29-300x200.jpg 300w, http:\/\/www.cluberecreioinstrucao.com\/wp-content\/uploads\/2022\/10\/sub-10_2022_10_29-1024x683.jpg 1024w, http:\/\/www.cluberecreioinstrucao.com\/wp-content\/uploads\/2022\/10\/sub-10_2022_10_29-768x512.jpg 768w, http:\/\/www.cluberecreioinstrucao.com\/wp-content\/uploads\/2022\/10\/sub-10_2022_10_29-1536x1024.jpg 1536w, http:\/\/www.cluberecreioinstrucao.com\/wp-content\/uploads\/2022\/10\/sub-10_2022_10_29-128x85.jpg 128w, http:\/\/www.cluberecreioinstrucao.com\/wp-content\/uploads\/2022\/10\/sub-10_2022_10_29-32x21.jpg 32w, http:\/\/www.cluberecreioinstrucao.com\/wp-content\/uploads\/2022\/10\/sub-10_2022_10_29-100x67.jpg 100w, http:\/\/www.cluberecreioinstrucao.com\/wp-content\/uploads\/2022\/10\/sub-10_2022_10_29-50x33.jpg 50w, http:\/\/www.cluberecreioinstrucao.com\/wp-content\/uploads\/2022\/10\/sub-10_2022_10_29-25x17.jpg 25w, http:\/\/www.cluberecreioinstrucao.com\/wp-content\/uploads\/2022\/10\/sub-10_2022_10_29-414x276.jpg 414w, http:\/\/www.cluberecreioinstrucao.com\/wp-content\/uploads\/2022\/10\/sub-10_2022_10_29-470x313.jpg 470w, http:\/\/www.cluberecreioinstrucao.com\/wp-content\/uploads\/2022\/10\/sub-10_2022_10_29-640x426.jpg 640w, http:\/\/www.cluberecreioinstrucao.com\/wp-content\/uploads\/2022\/10\/sub-10_2022_10_29-130x86.jpg 130w, http:\/\/www.cluberecreioinstrucao.com\/wp-content\/uploads\/2022\/10\/sub-10_2022_10_29-187x124.jpg 187w, http:\/\/www.cluberecreioinstrucao.com\/wp-content\/uploads\/2022\/10\/sub-10_2022_10_29-990x660.jpg 990w, http:\/\/www.cluberecreioinstrucao.com\/wp-content\/uploads\/2022\/10\/sub-10_2022_10_29-1320x880.jpg 1320w, http:\/\/www.cluberecreioinstrucao.com\/wp-content\/uploads\/2022\/10\/sub-10_2022_10_29-450x300.jpg 450w, http:\/\/www.cluberecreioinstrucao.com\/wp-content\/uploads\/2022\/10\/sub-10_2022_10_29-310x207.jpg 310w, http:\/\/www.cluberecreioinstrucao.com\/wp-content\/uploads\/2022\/10\/sub-10_2022_10_29-150x100.jpg 150w\" sizes=\"(max-width: 1920px) 100vw, 1920px\" \/><\/p>\n<div class=\"mks_separator\"><div class=\"mks_separator\" style=\"border-bottom: 2px solid;\"><\/div><\/div>\n<ul>\n<li><a href=\"http:\/\/www.cluberecreioinstrucao.com\/?page_id=6863\">ARQUIVO \u00c9POCAS ANTERIORES<\/a><\/li>\n<li><strong>\u00c9POCA 2022\/3<\/strong>\n<ul>\n<li><a href=\"http:\/\/www.cluberecreioinstrucao.com\/?page_id=20539#JOGADORES\"><strong>JOGADORES<\/strong><\/a><\/li>\n<li><a href=\"http:\/\/www.cluberecreioinstrucao.com\/?page_id=20539#TREINADORES.%20DIRIGENTES.%20COLABORADORES\"><strong>TREINADORES. DIRIGENTES. COLABORADORES<\/strong><\/a><\/li>\n<li><a href=\"http:\/\/www.cluberecreioinstrucao.com\/?tag=Benjamins-b-2022\/23\"><strong>FOTOS. V\u00cdDEOS.\u00a0<\/strong><strong>NOT\u00cdCIAS<\/strong><\/a><\/li>\n<li><a href=\"https:\/\/resultados.fpf.pt\/Competition\/Details?competitionId=23168&amp;seasonId=102\" target=\"_blank\" rel=\"noopener\"><strong>RESULTADOS E CLASSIFICA\u00c7\u00d5ES &#8211; C. DISTRITAL &#8211; 1\u00aa FASE &#8211; S\u00c9RIE &#8220;C&#8221;<\/strong><\/a> (terminado)<\/li>\n<li><a href=\"https:\/\/resultados.fpf.pt\/Competition\/Details?competitionId=23168&amp;seasonId=102\" target=\"_blank\" rel=\"noopener\"><strong>RESULTADOS E CLASSIFICA\u00c7\u00d5ES &#8211; C. DISTRITAL &#8211; 2\u00aa FASE &#8211; S\u00c9RIE &#8220;A&#8221;<\/strong><\/a> (terminado)<\/li>\n<li><a href=\"https:\/\/resultados.fpf.pt\/Competition\/Details?competitionId=23168&amp;seasonId=102\" target=\"_blank\" rel=\"noopener\"><strong>RESULTADOS E CLASSIFICA\u00c7\u00d5ES &#8211; C. DISTRITAL &#8211; 3\u00aa FASE &#8211; COMPLEMENTAR N\u00cdVEL 3<\/strong><\/a><\/li>\n<\/ul>\n<\/li>\n<\/ul>\n<div class=\"mks_separator\" style=\"border-bottom: 2px solid;\"><\/div>\n<p>OS NOSSOS JOGOS OFICIAIS &#8211; <a href=\"https:\/\/resultados.fpf.pt\/Competition\/Details?competitionId=23168&amp;seasonId=102\" target=\"_blank\" rel=\"noopener\"><strong>3\u00aa FASE &#8211; COMPLEMENTAR N\u00cdVEL 3<\/strong><\/a><\/p>\n<p>25-03 Col. Atl\u00e2ntico 10-3 <strong>CRI<\/strong> &#8211; <a href=\"https:\/\/resultados.fpf.pt\/Match\/GetMatchInformation?matchId=1911359\" target=\"_blank\" rel=\"noopener\">FICHA DE JOGO<\/a><br \/>\n01-04 <strong>CRI<\/strong> 0-1 Uni\u00e3o SC &#8211; <a href=\"https:\/\/resultados.fpf.pt\/Match\/GetMatchInformation?matchId=1911362\" target=\"_blank\" rel=\"noopener\">FICHA DE JOGO<\/a><br \/>\n15-04 D. Jo\u00e3o I &#8220;B&#8221; 3-0 <strong>CRI <\/strong>&#8211;<strong>\u00a0<\/strong><a href=\"https:\/\/resultados.fpf.pt\/Match\/GetMatchInformation?matchId=1911365\" target=\"_blank\" rel=\"noopener\">FICHA DE JOGO<\/a><br \/>\n22-04 <strong>CRI<\/strong> 0-1 V. Gama &#8211; <a href=\"https:\/\/resultados.fpf.pt\/Match\/GetMatchInformation?matchId=1911368\" target=\"_blank\" rel=\"noopener\">FICHA DE JOGO<\/a><br \/>\n29-04 Grandolense 4-1 <strong>CRI<\/strong> &#8211; <a href=\"https:\/\/resultados.fpf.pt\/Match\/GetMatchInformation?matchId=1911371\" target=\"_blank\" rel=\"noopener\">FICHA DE JOGO<\/a> &#8211; <a href=\"http:\/\/www.cluberecreioinstrucao.com\/?p=22012\">FOTOS<\/a><br \/>\n13-05 <strong>CRI<\/strong> 1-3 Col. Atl\u00e2ntico &#8220;B&#8221; &#8211; <a href=\"https:\/\/resultados.fpf.pt\/Match\/GetMatchInformation?matchId=1911374\" target=\"_blank\" rel=\"noopener\">FICHA DE JOGO<\/a> &#8211; <a href=\"http:\/\/www.cluberecreioinstrucao.com\/?p=22066\">FOTOS<\/a><br \/>\n20-05 Uni\u00e3o SC 6-1 <strong>CRI <\/strong>&#8211; <a href=\"https:\/\/resultados.fpf.pt\/Match\/GetMatchInformation?matchId=1911377\" target=\"_blank\" rel=\"noopener\">FICHA DE JOGO<\/a><br \/>\n27-05 <strong>CRI<\/strong> 1-9 D. Jo\u00e3o I &#8220;B&#8221; &#8211; <a href=\"https:\/\/resultados.fpf.pt\/Match\/GetMatchInformation?matchId=1911380\" target=\"_blank\" rel=\"noopener\">FICHA DE JOGO<\/a> &#8211; <a href=\"http:\/\/www.cluberecreioinstrucao.com\/?p=22123\">FOTOS<\/a><br \/>\n03-06 V. Gama 4-1 <strong>CRI<\/strong> &#8211; <a href=\"https:\/\/resultados.fpf.pt\/Match\/GetMatchInformation?matchId=1911383\" target=\"_blank\" rel=\"noopener\">FICHA DE JOGO<\/a> &#8211; <a href=\"http:\/\/www.cluberecreioinstrucao.com\/?p=22161\">FOTOS<\/a><br \/>\n10-06 <strong>CRI<\/strong> x Grandolense<\/p>\n<p>&nbsp;<\/p>\n<div class=\"mks_separator\" style=\"border-bottom: 2px solid;\"><\/div>\n<p>OS NOSSOS JOGOS OFICIAIS &#8211; <a href=\"https:\/\/resultados.fpf.pt\/Competition\/Details?competitionId=23168&amp;seasonId=102\" target=\"_blank\" rel=\"noopener\"><strong>2\u00aa FASE &#8211; S\u00c9RIE &#8220;A&#8221;<\/strong><\/a><\/p>\n<p>17-12-2022 Col. Atl\u00e2ntico 9-0 <strong>CRI<\/strong> &#8211; <a href=\"https:\/\/resultados.fpf.pt\/Match\/GetMatchInformation?matchId=1864645\" target=\"_blank\" rel=\"noopener\">FICHA DE JOGO<\/a><br \/>\n07-01-2023 <strong>CRI<\/strong> 0-10 AD Almada 2015 &#8211; <a href=\"https:\/\/resultados.fpf.pt\/Match\/GetMatchInformation?matchId=1864647\" target=\"_blank\" rel=\"noopener\">FICHA DE JOGO<\/a><br \/>\n14-01-2023 <strong>CRI<\/strong> 2-3 C. Piedade &#8220;B&#8221; &#8211; <a href=\"https:\/\/resultados.fpf.pt\/Match\/GetMatchInformation?matchId=1864651\" target=\"_blank\" rel=\"noopener\">FICHA DE JOGO<\/a> &#8211; <a href=\"http:\/\/www.cluberecreioinstrucao.com\/?p=21296\">FOTOS<\/a><br \/>\n21-01-2023 Alcochetense 5-0 <strong>CRI &#8211; <\/strong><a href=\"https:\/\/resultados.fpf.pt\/Match\/GetMatchInformation?matchId=1864654\" target=\"_blank\" rel=\"noopener\">FICHA DE JOGO<\/a> &#8211; <a href=\"http:\/\/www.cluberecreioinstrucao.com\/?p=21378\">FOTOS<\/a><br \/>\n28-01-2023 <strong>CRI<\/strong> 0-3 Ol. Montijo &#8211; <a href=\"https:\/\/resultados.fpf.pt\/Match\/GetMatchInformation?matchId=1864655\" target=\"_blank\" rel=\"noopener\">FICHA DE JOGO<\/a> &#8211; <a href=\"http:\/\/www.cluberecreioinstrucao.com\/?p=21395\">FOTOS<\/a><br \/>\n11-02-2023 <strong>CRI<\/strong> 1-9 Col. Atl\u00e2ntico &#8211; <a href=\"https:\/\/resultados.fpf.pt\/Match\/GetMatchInformation?matchId=1864660\" target=\"_blank\" rel=\"noopener\">FICHA DE JOGO<\/a><br \/>\n18-02-2023 Almada 2015 10-0 <strong>CRI<\/strong> &#8211; <a href=\"https:\/\/resultados.fpf.pt\/Match\/GetMatchInformation?matchId=1864662\" target=\"_blank\" rel=\"noopener\">FICHA DE JOGO<\/a><br \/>\n25-02-2023 C.Piedade &#8220;B&#8221; 5-0 <strong>CRI<\/strong> &#8211; <a href=\"https:\/\/resultados.fpf.pt\/Match\/GetMatchInformation?matchId=1864666\" target=\"_blank\" rel=\"noopener\">FICHA DE JOGO<\/a><br \/>\n04-03-2023 <strong>CRI<\/strong> 2-3 Alcochetense &#8211; <a href=\"https:\/\/resultados.fpf.pt\/Match\/GetMatchInformation?matchId=1864669\" target=\"_blank\" rel=\"noopener\">FICHA DE JOGO<\/a><br \/>\n11-03-2023 Ol. Montijo 1-0 <strong>CRI &#8211; <\/strong><a href=\"https:\/\/resultados.fpf.pt\/Match\/GetMatchInformation?matchId=1864670\" target=\"_blank\" rel=\"noopener\">FICHA DE JOGO<\/a><\/p>\n<p><strong>CLASSIFICA\u00c7\u00c3O FINAL<\/strong><\/p>\n<p><img decoding=\"async\" loading=\"lazy\" class=\"alignleft wp-image-21690\" src=\"http:\/\/www.cluberecreioinstrucao.com\/wp-content\/uploads\/2023\/03\/sub-10.jpg\" alt=\"\" width=\"300\" height=\"464\" srcset=\"http:\/\/www.cluberecreioinstrucao.com\/wp-content\/uploads\/2023\/03\/sub-10.jpg 360w, http:\/\/www.cluberecreioinstrucao.com\/wp-content\/uploads\/2023\/03\/sub-10-194x300.jpg 194w, http:\/\/www.cluberecreioinstrucao.com\/wp-content\/uploads\/2023\/03\/sub-10-83x128.jpg 83w, http:\/\/www.cluberecreioinstrucao.com\/wp-content\/uploads\/2023\/03\/sub-10-21x32.jpg 21w, http:\/\/www.cluberecreioinstrucao.com\/wp-content\/uploads\/2023\/03\/sub-10-65x100.jpg 65w, http:\/\/www.cluberecreioinstrucao.com\/wp-content\/uploads\/2023\/03\/sub-10-32x50.jpg 32w, http:\/\/www.cluberecreioinstrucao.com\/wp-content\/uploads\/2023\/03\/sub-10-16x25.jpg 16w, http:\/\/www.cluberecreioinstrucao.com\/wp-content\/uploads\/2023\/03\/sub-10-200x310.jpg 200w, http:\/\/www.cluberecreioinstrucao.com\/wp-content\/uploads\/2023\/03\/sub-10-68x105.jpg 68w, http:\/\/www.cluberecreioinstrucao.com\/wp-content\/uploads\/2023\/03\/sub-10-300x464.jpg 300w\" sizes=\"(max-width: 300px) 100vw, 300px\" \/><\/p>\n<p>&nbsp;<\/p>\n<p>&nbsp;<\/p>\n<p>&nbsp;<\/p>\n<p>&nbsp;<\/p>\n<p>&nbsp;<\/p>\n<p>&nbsp;<\/p>\n<p>&nbsp;<\/p>\n<p>&nbsp;<\/p>\n<p>&nbsp;<\/p>\n<p>&nbsp;<\/p>\n<p>&nbsp;<\/p>\n<p>&nbsp;<\/p>\n<p>&nbsp;<\/p>\n<p>&nbsp;<\/p>\n<p>&nbsp;<\/p>\n<p>&nbsp;<\/p>\n<div class=\"mks_separator\" style=\"border-bottom: 2px solid;\"><\/div>\n<p>&nbsp;<\/p>\n<div class=\"mks_separator\">OS NOSSOS JOGOS OFICIAIS &#8211; <a href=\"https:\/\/resultados.fpf.pt\/Competition\/Details?competitionId=23168&amp;seasonId=102\" target=\"_blank\" rel=\"noopener\"><strong>1\u00aa FASE &#8211; S\u00c9RIE &#8220;C&#8221;<\/strong><\/a><\/div>\n<div><\/div>\n<div>22-10-2022 Samouquense 2-0 <strong>CRI<\/strong> &#8211; <a href=\"https:\/\/resultados.fpf.pt\/Match\/GetMatchInformation?matchId=1841749\" target=\"_blank\" rel=\"noopener\">FICHA DE JOGO<\/a> &#8211; <a href=\"http:\/\/www.cluberecreioinstrucao.com\/?p=20878\">FOTOS<\/a><br \/>\n29-10-2022 <strong>CRI<\/strong> 4-0 Moitense &#8211; <a href=\"https:\/\/resultados.fpf.pt\/Match\/GetMatchInformation?matchId=1841751\" target=\"_blank\" rel=\"noopener\">FICHA DE JOGO<\/a> &#8211; <a href=\"http:\/\/www.cluberecreioinstrucao.com\/?p=20921\">FOTOS<\/a> &#8211; <a href=\"https:\/\/youtu.be\/jaMtlySi_Bk\" target=\"_blank\" rel=\"noopener\">GOLO<\/a><br \/>\n05-11-2022 <strong>CRI<\/strong> 1-3 Col. Atl\u00e2ntico &#8220;B&#8221; &#8211; <a href=\"https:\/\/resultados.fpf.pt\/Match\/GetMatchInformation?matchId=1841757\" target=\"_blank\" rel=\"noopener\">FICHA DE JOGO<\/a><br \/>\n12-11-2022 B. Azeit\u00e3o 2-4 <strong>CRI<\/strong> &#8211; <a href=\"https:\/\/resultados.fpf.pt\/Match\/GetMatchInformation?matchId=1841760\" target=\"_blank\" rel=\"noopener\">FICHA DE JOGO<\/a><br \/>\n26-11-2022 Barreirense &#8220;B&#8221; 1-1 <strong>CRI &#8211; <\/strong><a href=\"https:\/\/resultados.fpf.pt\/Match\/GetMatchInformation?matchId=1841769\" target=\"_blank\" rel=\"noopener\">FICHA DE JOGO<\/a><br \/>\n03-12-2022 <strong>CRI<\/strong> x Ol\u00edmpico Montijo &#8211; <a href=\"https:\/\/resultados.fpf.pt\/Match\/GetMatchInformation?matchId=1841770\" target=\"_blank\" rel=\"noopener\">FICHA DE JOGO<\/a> &#8211; <a href=\"http:\/\/www.cluberecreioinstrucao.com\/?p=21165\">FOTOS<\/a><\/div>\n<div><\/div>\n<div>\n<p>CLASSIFICA\u00c7\u00c3O FINAL DA 1\u00aa FASE<\/p>\n<\/div>\n<div><img decoding=\"async\" loading=\"lazy\" class=\"alignnone wp-image-21175\" src=\"http:\/\/www.cluberecreioinstrucao.com\/wp-content\/uploads\/2022\/12\/CLASS_SUB-10.jpg\" alt=\"\" width=\"360\" height=\"690\" srcset=\"http:\/\/www.cluberecreioinstrucao.com\/wp-content\/uploads\/2022\/12\/CLASS_SUB-10.jpg 640w, http:\/\/www.cluberecreioinstrucao.com\/wp-content\/uploads\/2022\/12\/CLASS_SUB-10-157x300.jpg 157w, http:\/\/www.cluberecreioinstrucao.com\/wp-content\/uploads\/2022\/12\/CLASS_SUB-10-535x1024.jpg 535w, http:\/\/www.cluberecreioinstrucao.com\/wp-content\/uploads\/2022\/12\/CLASS_SUB-10-67x128.jpg 67w, http:\/\/www.cluberecreioinstrucao.com\/wp-content\/uploads\/2022\/12\/CLASS_SUB-10-17x32.jpg 17w, http:\/\/www.cluberecreioinstrucao.com\/wp-content\/uploads\/2022\/12\/CLASS_SUB-10-52x100.jpg 52w, http:\/\/www.cluberecreioinstrucao.com\/wp-content\/uploads\/2022\/12\/CLASS_SUB-10-26x50.jpg 26w, http:\/\/www.cluberecreioinstrucao.com\/wp-content\/uploads\/2022\/12\/CLASS_SUB-10-13x25.jpg 13w, http:\/\/www.cluberecreioinstrucao.com\/wp-content\/uploads\/2022\/12\/CLASS_SUB-10-162x310.jpg 162w, http:\/\/www.cluberecreioinstrucao.com\/wp-content\/uploads\/2022\/12\/CLASS_SUB-10-55x105.jpg 55w, http:\/\/www.cluberecreioinstrucao.com\/wp-content\/uploads\/2022\/12\/CLASS_SUB-10-300x575.jpg 300w\" sizes=\"(max-width: 360px) 100vw, 360px\" \/><\/div>\n<div><\/div>\n<p><strong><a name=\"JOGADORES\"><\/a><\/strong><\/p>\n<p>JOGADORES<img decoding=\"async\" loading=\"lazy\" class=\"aligncenter wp-image-16614 size-full\" src=\"http:\/\/www.cluberecreioinstrucao.com\/wp-content\/uploads\/2019\/12\/barra-jogadores-e1591273100147.jpg\" alt=\"\" width=\"959\" height=\"105\" \/><\/p>\n<div class=\"mks_separator\">JOGADORES<\/div>\n<div>&#8230; em atualiza\u00e7\u00e3o &#8230;<\/div>\n<div><a href=\"https:\/\/www.fpf.pt\/pt\/Jogadores\/Ficha-de-Jogador\/playerId\/1968683\" target=\"_blank\" rel=\"noopener\">Afonso Nunes<\/a><br \/>\n<a href=\"https:\/\/www.fpf.pt\/pt\/Jogadores\/Ficha-de-Jogador\/playerId\/2060163\" target=\"_blank\" rel=\"noopener\">Davide Garrido<\/a> *<br \/>\n<a href=\"https:\/\/www.fpf.pt\/pt\/Jogadores\/Ficha-de-Jogador\/playerId\/2045899\" target=\"_blank\" rel=\"noopener\">Denis Santos<\/a> *<br \/>\n<a href=\"https:\/\/www.fpf.pt\/pt\/Jogadores\/Ficha-de-Jogador\/playerId\/1977454\" target=\"_blank\" rel=\"noopener\">Dinis Sim\u00f5es<\/a><br \/>\n<a href=\"https:\/\/www.fpf.pt\/pt\/Jogadores\/Ficha-de-Jogador\/playerId\/1968874\" target=\"_blank\" rel=\"noopener\">Francisco Gon\u00e7alves<\/a> *<br \/>\n<a href=\"https:\/\/www.fpf.pt\/pt\/Jogadores\/Ficha-de-Jogador\/playerId\/1947406\" target=\"_blank\" rel=\"noopener\">Gilherme Elias<\/a> *<br \/>\n<a href=\"https:\/\/www.fpf.pt\/pt\/Jogadores\/Ficha-de-Jogador\/playerId\/1928575\" target=\"_blank\" rel=\"noopener\">Kevin Ferro<\/a><br \/>\n<a href=\"https:\/\/www.fpf.pt\/pt\/Jogadores\/Ficha-de-Jogador\/playerId\/2119038\" target=\"_blank\" rel=\"noopener\">Ivo Macedo<\/a><br \/>\n<a href=\"https:\/\/www.fpf.pt\/pt\/Jogadores\/Ficha-de-Jogador\/playerId\/2045859\" target=\"_blank\" rel=\"noopener\">Martim Rodrigues<\/a> *<br \/>\n<a href=\"https:\/\/www.fpf.pt\/pt\/Jogadores\/Ficha-de-Jogador\/playerId\/1968681\" target=\"_blank\" rel=\"noopener\">Mateus Silva<\/a> *<\/div>\n<div><a href=\"https:\/\/www.fpf.pt\/pt\/Jogadores\/Ficha-de-Jogador\/playerId\/2066626\" target=\"_blank\" rel=\"noopener\">Miguel Almeida<\/a> *<br \/>\n<a href=\"https:\/\/www.fpf.pt\/pt\/Jogadores\/Ficha-de-Jogador\/playerId\/2053398\" target=\"_blank\" rel=\"noopener\">Miguel Carrega<\/a><br \/>\n<a href=\"https:\/\/www.fpf.pt\/pt\/Jogadores\/Ficha-de-Jogador\/playerId\/2047730\" target=\"_blank\" rel=\"noopener\">Ronaldo Saraiva<\/a> *<br \/>\n<a href=\"https:\/\/www.fpf.pt\/pt\/Jogadores\/Ficha-de-Jogador\/playerId\/2110882\" target=\"_blank\" rel=\"noopener\">Ruben Maia<\/a> *<br \/>\n<a href=\"https:\/\/www.fpf.pt\/pt\/Jogadores\/Ficha-de-Jogador\/playerId\/2012276\" target=\"_blank\" rel=\"noopener\">Santiago Rasteiro<\/a><br \/>\n<a href=\"https:\/\/www.fpf.pt\/pt\/Jogadores\/Ficha-de-Jogador\/playerId\/2066627\" target=\"_blank\" rel=\"noopener\">Tiago Almeida<\/a><br \/>\n<a href=\"https:\/\/www.fpf.pt\/pt\/Jogadores\/Ficha-de-Jogador\/playerId\/2016374\" target=\"_blank\" rel=\"noopener\">Tom\u00e1s Sarilho<\/a><br \/>\n<a href=\"https:\/\/www.fpf.pt\/pt\/Jogadores\/Ficha-de-Jogador\/playerId\/2104512\" target=\"_blank\" rel=\"noopener\">Tom\u00e1s Carrilho<\/a><\/div>\n<div>* 2014<\/div>\n<p><strong><a name=\"TREINADORES. DIRIGENTES. COLABORADORES\"><\/a><\/strong><\/p>\n<p>TREINADORES. DIRIGENTES. COLABORADORES<strong><img decoding=\"async\" loading=\"lazy\" class=\"aligncenter wp-image-16612 size-full\" src=\"http:\/\/www.cluberecreioinstrucao.com\/wp-content\/uploads\/2019\/12\/barra-treinador-e1591273338543.jpg\" sizes=\"(max-width: 1920px) 100vw, 1920px\" srcset=\"http:\/\/www.cluberecreioinstrucao.com\/wp-content\/uploads\/2019\/12\/barra-treinador-e1591273338543.jpg 1920w, http:\/\/www.cluberecreioinstrucao.com\/wp-content\/uploads\/2019\/12\/barra-treinador-e1591273338543-300x29.jpg 300w, http:\/\/www.cluberecreioinstrucao.com\/wp-content\/uploads\/2019\/12\/barra-treinador-e1591273338543-768x75.jpg 768w, http:\/\/www.cluberecreioinstrucao.com\/wp-content\/uploads\/2019\/12\/barra-treinador-e1591273338543-1024x100.jpg 1024w, http:\/\/www.cluberecreioinstrucao.com\/wp-content\/uploads\/2019\/12\/barra-treinador-e1591273338543-128x12.jpg 128w, http:\/\/www.cluberecreioinstrucao.com\/wp-content\/uploads\/2019\/12\/barra-treinador-e1591273338543-32x3.jpg 32w, http:\/\/www.cluberecreioinstrucao.com\/wp-content\/uploads\/2019\/12\/barra-treinador-e1591273338543-100x10.jpg 100w, http:\/\/www.cluberecreioinstrucao.com\/wp-content\/uploads\/2019\/12\/barra-treinador-e1591273338543-50x5.jpg 50w, http:\/\/www.cluberecreioinstrucao.com\/wp-content\/uploads\/2019\/12\/barra-treinador-e1591273338543-25x2.jpg 25w, http:\/\/www.cluberecreioinstrucao.com\/wp-content\/uploads\/2019\/12\/barra-treinador-e1591273338543-990x96.jpg 990w, http:\/\/www.cluberecreioinstrucao.com\/wp-content\/uploads\/2019\/12\/barra-treinador-e1591273338543-1320x129.jpg 1320w, http:\/\/www.cluberecreioinstrucao.com\/wp-content\/uploads\/2019\/12\/barra-treinador-e1591273338543-650x63.jpg 650w, http:\/\/www.cluberecreioinstrucao.com\/wp-content\/uploads\/2019\/12\/barra-treinador-e1591273338543-1536x150.jpg 1536w\" alt=\"\" width=\"1920\" height=\"187\" \/><\/strong><\/p>\n<div class=\"mks_separator\"><\/div>\n<p>Treinador: <strong>Nuno Aiveca<\/strong><br \/>\nTreinador Adjunto: <strong>Samuel Silva<br \/>\n<\/strong>Treinador de Guarda-redes: <strong>Jorge Carvalho<\/strong><br \/>\nMassagista: <strong>Ana Silva<\/strong><br \/>\nCoordenador T\u00e9cnico: <strong>Jos\u00e9 Medeiros<\/strong><\/p>\n<p>&nbsp;<\/p>\n","protected":false},"excerpt":{"rendered":"<p>ARQUIVO \u00c9POCAS ANTERIORES \u00c9POCA 2022\/3 JOGADORES TREINADORES. DIRIGENTES. COLABORADORES FOTOS. V\u00cdDEOS.\u00a0NOT\u00cdCIAS RESULTADOS E CLASSIFICA\u00c7\u00d5ES &#8211; C. DISTRITAL &#8211; 1\u00aa FASE &#8211; S\u00c9RIE &#8220;C&#8221; (terminado) RESULTADOS E CLASSIFICA\u00c7\u00d5ES &#8211; C. DISTRITAL &#8211; 2\u00aa FASE &#8211; S\u00c9RIE &#8220;A&#8221; (terminado) RESULTADOS E CLASSIFICA\u00c7\u00d5ES &#8211; C. DISTRITAL &#8211; 3\u00aa FASE &#8211; COMPLEMENTAR N\u00cdVEL 3 OS NOSSOS JOGOS OFICIAIS &#8211; [&hellip;]<\/p>\n","protected":false},"author":1,"featured_media":0,"parent":0,"menu_order":0,"comment_status":"closed","ping_status":"closed","template":"","meta":[],"_links":{"self":[{"href":"http:\/\/www.cluberecreioinstrucao.com\/index.php?rest_route=\/wp\/v2\/pages\/20539"}],"collection":[{"href":"http:\/\/www.cluberecreioinstrucao.com\/index.php?rest_route=\/wp\/v2\/pages"}],"about":[{"href":"http:\/\/www.cluberecreioinstrucao.com\/index.php?rest_route=\/wp\/v2\/types\/page"}],"author":[{"embeddable":true,"href":"http:\/\/www.cluberecreioinstrucao.com\/index.php?rest_route=\/wp\/v2\/users\/1"}],"replies":[{"embeddable":true,"href":"http:\/\/www.cluberecreioinstrucao.com\/index.php?rest_route=%2Fwp%2Fv2%2Fcomments&post=20539"}],"version-history":[{"count":37,"href":"http:\/\/www.cluberecreioinstrucao.com\/index.php?rest_route=\/wp\/v2\/pages\/20539\/revisions"}],"predecessor-version":[{"id":22180,"href":"http:\/\/www.cluberecreioinstrucao.com\/index.php?rest_route=\/wp\/v2\/pages\/20539\/revisions\/22180"}],"wp:attachment":[{"href":"http:\/\/www.cluberecreioinstrucao.com\/index.php?rest_route=%2Fwp%2Fv2%2Fmedia&parent=20539"}],"curies":[{"name":"wp","href":"https:\/\/api.w.org\/{rel}","templated":true}]}}