{"id":7481,"date":"2014-10-30T14:26:19","date_gmt":"2014-10-30T14:26:19","guid":{"rendered":"http:\/\/www.cluberecreioinstrucao.com\/?page_id=7481"},"modified":"2014-11-17T09:43:53","modified_gmt":"2014-11-17T09:43:53","slug":"protocolo-clinica-yourdoctor","status":"publish","type":"page","link":"http:\/\/www.cluberecreioinstrucao.com\/?page_id=7481","title":{"rendered":"Protocolo Cl\u00ednica"},"content":{"rendered":"<h2>OFERTA AOS S\u00d3CIOS<\/h2>\n<p><img decoding=\"async\" loading=\"lazy\" class=\"alignnone size-full wp-image-7482\" src=\"http:\/\/www.cluberecreioinstrucao.com\/wp-content\/uploads\/2014\/10\/logo-yourdoctor.png\" alt=\"logo yourdoctor\" width=\"181\" height=\"45\" srcset=\"http:\/\/www.cluberecreioinstrucao.com\/wp-content\/uploads\/2014\/10\/logo-yourdoctor.png 181w, http:\/\/www.cluberecreioinstrucao.com\/wp-content\/uploads\/2014\/10\/logo-yourdoctor-160x39.png 160w\" sizes=\"(max-width: 181px) 100vw, 181px\" \/><\/p>\n<p>O Clube Recreio Instru\u00e7\u00e3o estabeleceu um protocolo com a Cl\u00ednica M\u00e9dica YourDoctor.<br \/>\nAqui todos os s\u00f3cios do CRI ter\u00e3o descontos em todos os servi\u00e7os m\u00e9dicos prestados por esta cl\u00ednica.<\/p>\n<p>Por exemplo: Poder\u00e1 ter <span style=\"text-decoration: underline;\">m\u00e9dico em casa para toda a fam\u00edlia<\/span> por apenas 7<span style=\"text-decoration: underline;\">\u00a0Euros \/ M\u00eas<\/span><\/p>\n<p><span style=\"text-decoration: underline;\"><span style=\"color: #ff00ff; text-decoration: underline;\">PROMO\u00c7\u00c3O AT\u00c9 FINAL DE 2014 POR APENAS 5\u20ac<\/span><\/span><\/p>\n<ul>\n<li><strong>M\u00e9dico em casa; apoio domicili\u00e1rio; consultas de especialidade; exames cl\u00ednicos; an\u00e1lise cl\u00ednicas \/ enfermagem; planeamento familiar; aconselhamento m\u00e9dico, etc&#8230;<\/strong><\/li>\n<\/ul>\n<p>Mais informa\u00e7\u00f5es:<br \/>\nTel.: 210 960 497<br \/>\nSite:\u00a0<a href=\"http:\/\/yourdoctor.pt\/\">http:\/\/yourdoctor.pt\/<br \/>\n<\/a><span style=\"letter-spacing: 0.05em; line-height: 1.6875;\">Email: <\/span><a class=\"\" style=\"letter-spacing: 0.05em; line-height: 1.6875;\" href=\"mailto:info@yourdoctor.pt\">info@yourdoctor.pt<\/a><\/p>\n<p>Importante:<br \/>\n<span style=\"color: #000000;\"><em><strong>Para aderir indique o seguinte c\u00f3digo: <\/strong><\/em><span style=\"text-decoration: underline; color: #333399;\"><strong><span style=\"text-decoration: underline;\">SOCIO-CRI<\/span><\/strong><\/span><em><strong> e o seu nome completo<\/strong><\/em><\/span><\/p>\n<p>Se preferir, poder\u00e1 enviar-nos o seu telefone para o e-mail geral@cri.pt que n\u00f3s entraremos em contato consigo.<\/p>\n<p><iframe loading=\"lazy\" src=\"\/\/player.vimeo.com\/video\/99404889\" width=\"500\" height=\"281\" frameborder=\"0\" allowfullscreen=\"allowfullscreen\"><\/iframe><\/p>\n<p>from <a href=\"http:\/\/vimeo.com\/user29587541\">yourdoctor<\/a> on <a href=\"https:\/\/vimeo.com\">Vimeo<\/a>.<\/p>\n","protected":false},"excerpt":{"rendered":"<p>OFERTA AOS S\u00d3CIOS O Clube Recreio Instru\u00e7\u00e3o estabeleceu um protocolo com a Cl\u00ednica M\u00e9dica YourDoctor. Aqui todos os s\u00f3cios do CRI ter\u00e3o descontos em todos os servi\u00e7os m\u00e9dicos prestados por esta cl\u00ednica. Por exemplo: Poder\u00e1 ter m\u00e9dico em casa para toda a fam\u00edlia por apenas 7\u00a0Euros \/ M\u00eas PROMO\u00c7\u00c3O AT\u00c9 FINAL DE 2014 POR APENAS [&hellip;]<\/p>\n","protected":false},"author":1,"featured_media":0,"parent":0,"menu_order":0,"comment_status":"closed","ping_status":"closed","template":"","meta":[],"_links":{"self":[{"href":"http:\/\/www.cluberecreioinstrucao.com\/index.php?rest_route=\/wp\/v2\/pages\/7481"}],"collection":[{"href":"http:\/\/www.cluberecreioinstrucao.com\/index.php?rest_route=\/wp\/v2\/pages"}],"about":[{"href":"http:\/\/www.cluberecreioinstrucao.com\/index.php?rest_route=\/wp\/v2\/types\/page"}],"author":[{"embeddable":true,"href":"http:\/\/www.cluberecreioinstrucao.com\/index.php?rest_route=\/wp\/v2\/users\/1"}],"replies":[{"embeddable":true,"href":"http:\/\/www.cluberecreioinstrucao.com\/index.php?rest_route=%2Fwp%2Fv2%2Fcomments&post=7481"}],"version-history":[{"count":13,"href":"http:\/\/www.cluberecreioinstrucao.com\/index.php?rest_route=\/wp\/v2\/pages\/7481\/revisions"}],"predecessor-version":[{"id":7653,"href":"http:\/\/www.cluberecreioinstrucao.com\/index.php?rest_route=\/wp\/v2\/pages\/7481\/revisions\/7653"}],"wp:attachment":[{"href":"http:\/\/www.cluberecreioinstrucao.com\/index.php?rest_route=%2Fwp%2Fv2%2Fmedia&parent=7481"}],"curies":[{"name":"wp","href":"https:\/\/api.w.org\/{rel}","templated":true}]}}