{"id":24,"date":"2014-01-18T21:09:48","date_gmt":"2014-01-18T21:09:48","guid":{"rendered":"http:\/\/www.cluberecreioinstrucao.com\/loja\/?page_id=24"},"modified":"2019-07-22T16:26:40","modified_gmt":"2019-07-22T16:26:40","slug":"observacoes","status":"publish","type":"page","link":"http:\/\/www.cluberecreioinstrucao.com\/loja\/?page_id=24","title":{"rendered":"Observa\u00e7\u00f5es"},"content":{"rendered":"<ul>\n<li>Podem ser efetuados ajustamentos, quando atletas GR e em substitui\u00e7\u00e3o de vestu\u00e1rio (de acordo com o clube).<\/li>\n<\/ul>\n<p>&nbsp;<\/p>\n<p>&nbsp;<\/p>\n","protected":false},"excerpt":{"rendered":"<p>Podem ser efetuados ajustamentos, quando atletas GR e em substitui\u00e7\u00e3o de vestu\u00e1rio (de acordo com o clube). &nbsp; &nbsp;<\/p>\n","protected":false},"author":1,"featured_media":0,"parent":0,"menu_order":0,"comment_status":"open","ping_status":"open","template":"","meta":[],"_links":{"self":[{"href":"http:\/\/www.cluberecreioinstrucao.com\/loja\/index.php?rest_route=\/wp\/v2\/pages\/24"}],"collection":[{"href":"http:\/\/www.cluberecreioinstrucao.com\/loja\/index.php?rest_route=\/wp\/v2\/pages"}],"about":[{"href":"http:\/\/www.cluberecreioinstrucao.com\/loja\/index.php?rest_route=\/wp\/v2\/types\/page"}],"author":[{"embeddable":true,"href":"http:\/\/www.cluberecreioinstrucao.com\/loja\/index.php?rest_route=\/wp\/v2\/users\/1"}],"replies":[{"embeddable":true,"href":"http:\/\/www.cluberecreioinstrucao.com\/loja\/index.php?rest_route=%2Fwp%2Fv2%2Fcomments&post=24"}],"version-history":[{"count":3,"href":"http:\/\/www.cluberecreioinstrucao.com\/loja\/index.php?rest_route=\/wp\/v2\/pages\/24\/revisions"}],"predecessor-version":[{"id":315,"href":"http:\/\/www.cluberecreioinstrucao.com\/loja\/index.php?rest_route=\/wp\/v2\/pages\/24\/revisions\/315"}],"wp:attachment":[{"href":"http:\/\/www.cluberecreioinstrucao.com\/loja\/index.php?rest_route=%2Fwp%2Fv2%2Fmedia&parent=24"}],"curies":[{"name":"wp","href":"https:\/\/api.w.org\/{rel}","templated":true}]}}