{"id":49,"date":"2019-07-21T22:11:21","date_gmt":"2019-07-21T22:11:21","guid":{"rendered":"http:\/\/www.cluberecreioinstrucao.com\/loja\/?page_id=49"},"modified":"2021-07-20T09:38:23","modified_gmt":"2021-07-20T09:38:23","slug":"como-encomendar-2","status":"publish","type":"page","link":"http:\/\/www.cluberecreioinstrucao.com\/loja\/?page_id=49","title":{"rendered":"Como encomendar"},"content":{"rendered":"<ol>\n<li>Indica\u00e7\u00e3o de pre\u00e7os e encomendas s\u00f3 poder\u00e3o ser feitas diretamente no Secretariado do Parque Desportivo Artur Ferreira Gouveia.<br \/>\nSegunda a Sexta-feira: 19:00h &#8211; 20:30h<\/li>\n<li>Ter\u00e1 que indicar o(s) produto(s) pretendido(s) e o seu tamanho.<\/li>\n<\/ol>\n<hr \/>\n<p>Para esclarecimentos adicionais:<br \/>\nE-mail: <a href=\"mailto:equipamentos@cri.pt;%20cri.equipamentos.desportivos@gmail.com\">equipamentos@cri.pt<\/a><\/p>\n<p>&nbsp;<\/p>\n","protected":false},"excerpt":{"rendered":"<p>Indica\u00e7\u00e3o de pre\u00e7os e encomendas s\u00f3 poder\u00e3o ser feitas diretamente no Secretariado do Parque Desportivo Artur Ferreira Gouveia. Segunda a Sexta-feira: 19:00h &#8211; 20:30h Ter\u00e1 que indicar o(s) produto(s) pretendido(s) e o seu tamanho. Para esclarecimentos adicionais: E-mail: equipamentos@cri.pt &nbsp;<\/p>\n","protected":false},"author":1,"featured_media":0,"parent":0,"menu_order":0,"comment_status":"closed","ping_status":"open","template":"","meta":[],"_links":{"self":[{"href":"http:\/\/www.cluberecreioinstrucao.com\/loja\/index.php?rest_route=\/wp\/v2\/pages\/49"}],"collection":[{"href":"http:\/\/www.cluberecreioinstrucao.com\/loja\/index.php?rest_route=\/wp\/v2\/pages"}],"about":[{"href":"http:\/\/www.cluberecreioinstrucao.com\/loja\/index.php?rest_route=\/wp\/v2\/types\/page"}],"author":[{"embeddable":true,"href":"http:\/\/www.cluberecreioinstrucao.com\/loja\/index.php?rest_route=\/wp\/v2\/users\/1"}],"replies":[{"embeddable":true,"href":"http:\/\/www.cluberecreioinstrucao.com\/loja\/index.php?rest_route=%2Fwp%2Fv2%2Fcomments&post=49"}],"version-history":[{"count":9,"href":"http:\/\/www.cluberecreioinstrucao.com\/loja\/index.php?rest_route=\/wp\/v2\/pages\/49\/revisions"}],"predecessor-version":[{"id":402,"href":"http:\/\/www.cluberecreioinstrucao.com\/loja\/index.php?rest_route=\/wp\/v2\/pages\/49\/revisions\/402"}],"wp:attachment":[{"href":"http:\/\/www.cluberecreioinstrucao.com\/loja\/index.php?rest_route=%2Fwp%2Fv2%2Fmedia&parent=49"}],"curies":[{"name":"wp","href":"https:\/\/api.w.org\/{rel}","templated":true}]}}